{"id":1059,"date":"2021-10-02T17:28:20","date_gmt":"2021-10-02T15:28:20","guid":{"rendered":"http:\/\/adrenaline33.com\/?page_id=1059"},"modified":"2025-10-27T11:45:18","modified_gmt":"2025-10-27T10:45:18","slug":"inscriptions-en-ligne","status":"publish","type":"page","link":"http:\/\/adrenaline33.com\/?page_id=1059","title":{"rendered":"Inscriptions en ligne MDA 2025 D\u00e9but des inscriptions au 16 Septembre 2025"},"content":{"rendered":"\n<div class=\"wp-block-buttons is-layout-flex wp-block-buttons-is-layout-flex\">\n<div class=\"wp-block-button\"><a class=\"wp-block-button__link wp-element-button\" href=\"https:\/\/in.njuko.com\/-les-montees-dadrenaline331757928167422?currentPage=select-competition\">ICI,  Inscriptions Les Mont\u00e9es d&rsquo;Adr\u00e9naline du dimanche 16 Novembre 2025 \u00e0 partir du 16 Septembre 2025<\/a><\/div>\n<\/div>\n\n\n\n<figure class=\"wp-block-gallery alignleft has-nested-images columns-default is-cropped wp-block-gallery-2 is-layout-flex wp-block-gallery-is-layout-flex\">\n<figure class=\"wp-block-image size-large\"><img decoding=\"async\" loading=\"lazy\" width=\"724\" height=\"1024\" data-id=\"1886\" data-src=\"http:\/\/adrenaline33.com\/wp-content\/uploads\/2025\/10\/ADRENALINE_Flyer_LesMontees_2025-3-724x1024.jpeg\" alt=\"\" class=\"wp-image-1886 lazyload\" data-srcset=\"http:\/\/adrenaline33.com\/wp-content\/uploads\/2025\/10\/ADRENALINE_Flyer_LesMontees_2025-3-724x1024.jpeg 724w, http:\/\/adrenaline33.com\/wp-content\/uploads\/2025\/10\/ADRENALINE_Flyer_LesMontees_2025-3-212x300.jpeg 212w, http:\/\/adrenaline33.com\/wp-content\/uploads\/2025\/10\/ADRENALINE_Flyer_LesMontees_2025-3-768x1086.jpeg 768w, http:\/\/adrenaline33.com\/wp-content\/uploads\/2025\/10\/ADRENALINE_Flyer_LesMontees_2025-3.jpeg 905w\" data-sizes=\"(max-width: 724px) 100vw, 724px\" src=\"data:image\/gif;base64,R0lGODlhAQABAAAAACH5BAEKAAEALAAAAAABAAEAAAICTAEAOw==\" style=\"--smush-placeholder-width: 724px; --smush-placeholder-aspect-ratio: 724\/1024;\" \/><noscript><img decoding=\"async\" loading=\"lazy\" width=\"724\" height=\"1024\" data-id=\"1886\" src=\"http:\/\/adrenaline33.com\/wp-content\/uploads\/2025\/10\/ADRENALINE_Flyer_LesMontees_2025-3-724x1024.jpeg\" alt=\"\" class=\"wp-image-1886\" srcset=\"http:\/\/adrenaline33.com\/wp-content\/uploads\/2025\/10\/ADRENALINE_Flyer_LesMontees_2025-3-724x1024.jpeg 724w, http:\/\/adrenaline33.com\/wp-content\/uploads\/2025\/10\/ADRENALINE_Flyer_LesMontees_2025-3-212x300.jpeg 212w, http:\/\/adrenaline33.com\/wp-content\/uploads\/2025\/10\/ADRENALINE_Flyer_LesMontees_2025-3-768x1086.jpeg 768w, http:\/\/adrenaline33.com\/wp-content\/uploads\/2025\/10\/ADRENALINE_Flyer_LesMontees_2025-3.jpeg 905w\" sizes=\"(max-width: 724px) 100vw, 724px\" \/><\/noscript><\/figure>\n<\/figure>\n\n\n\n<p><\/p>\n\n\n\n<p><\/p>\n\n\n\n<p><\/p>\n\n\n\n<p><\/p>\n\n\n\n<p><\/p>\n\n\n\n<p><\/p>\n\n\n\n<p><\/p>\n\n\n\n<p><\/p>\n\n\n\n<p><\/p>\n\n\n\n<p><\/p>\n\n\n\n<p><\/p>\n\n\n\n<p><\/p>\n\n\n\n<p><\/p>\n\n\n\n<p><\/p>\n","protected":false},"excerpt":{"rendered":"","protected":false},"author":2,"featured_media":0,"parent":8,"menu_order":4,"comment_status":"closed","ping_status":"closed","template":"","meta":{"footnotes":""},"_links":{"self":[{"href":"http:\/\/adrenaline33.com\/index.php?rest_route=\/wp\/v2\/pages\/1059"}],"collection":[{"href":"http:\/\/adrenaline33.com\/index.php?rest_route=\/wp\/v2\/pages"}],"about":[{"href":"http:\/\/adrenaline33.com\/index.php?rest_route=\/wp\/v2\/types\/page"}],"author":[{"embeddable":true,"href":"http:\/\/adrenaline33.com\/index.php?rest_route=\/wp\/v2\/users\/2"}],"replies":[{"embeddable":true,"href":"http:\/\/adrenaline33.com\/index.php?rest_route=%2Fwp%2Fv2%2Fcomments&post=1059"}],"version-history":[{"count":0,"href":"http:\/\/adrenaline33.com\/index.php?rest_route=\/wp\/v2\/pages\/1059\/revisions"}],"up":[{"embeddable":true,"href":"http:\/\/adrenaline33.com\/index.php?rest_route=\/wp\/v2\/pages\/8"}],"wp:attachment":[{"href":"http:\/\/adrenaline33.com\/index.php?rest_route=%2Fwp%2Fv2%2Fmedia&parent=1059"}],"curies":[{"name":"wp","href":"https:\/\/api.w.org\/{rel}","templated":true}]}}