{"id":1166,"date":"2022-04-12T15:26:29","date_gmt":"2022-04-12T13:26:29","guid":{"rendered":"http:\/\/adrenaline33.com\/?page_id=1166"},"modified":"2023-09-22T18:26:56","modified_gmt":"2023-09-22T16:26:56","slug":"resultats-les-montees-dadrenaline-2021","status":"publish","type":"page","link":"http:\/\/adrenaline33.com\/?page_id=1166","title":{"rendered":"R\u00e9sultats les Mont\u00e9es d&rsquo;Adr\u00e9naline 2021"},"content":{"rendered":"\n<div class=\"wp-block-buttons is-layout-flex wp-block-buttons-is-layout-flex\">\n<div class=\"wp-block-button\"><a class=\"wp-block-button__link\" href=\"https:\/\/bases.athle.fr\/asp.net\/liste.aspx?frmbase=resultats&amp;frmmode=1&amp;frmespace=0&amp;frmcompetition=250171&amp;frmepreuve=Les+pouss%c3%a9es+d%27adrenaline+10+km\">10 kms<\/a><\/div>\n<\/div>\n\n\n\n<div class=\"wp-block-buttons is-layout-flex wp-block-buttons-is-layout-flex\">\n<div class=\"wp-block-button\"><a class=\"wp-block-button__link\" href=\"https:\/\/bases.athle.fr\/asp.net\/liste.aspx?frmbase=resultats&amp;frmmode=1&amp;frmespace=0&amp;frmcompetition=250171&amp;frmepreuve=Les+mont%c3%a9es+d%27adrenaline+20+km\">20kms<\/a><\/div>\n<\/div>\n\n\n\n<div class=\"wp-block-file\"><object class=\"wp-block-file__embed\" data=\"http:\/\/adrenaline33.com\/wp-content\/uploads\/2022\/04\/canitrail-MDA-2021.pdf\" type=\"application\/pdf\" style=\"width:100%;height:600px\" aria-label=\"Contenu embarqu\u00e9 Contenu embarqu\u00e9 canitrail-MDA-2021..\"><\/object><a href=\"http:\/\/adrenaline33.com\/wp-content\/uploads\/2022\/04\/canitrail-MDA-2021.pdf\">canitrail-MDA-2021<\/a><a href=\"http:\/\/adrenaline33.com\/wp-content\/uploads\/2022\/04\/canitrail-MDA-2021.pdf\" class=\"wp-block-file__button\" download>T\u00e9l\u00e9charger<\/a><\/div>\n","protected":false},"excerpt":{"rendered":"","protected":false},"author":2,"featured_media":0,"parent":630,"menu_order":2,"comment_status":"closed","ping_status":"closed","template":"","meta":{"footnotes":""},"_links":{"self":[{"href":"http:\/\/adrenaline33.com\/index.php?rest_route=\/wp\/v2\/pages\/1166"}],"collection":[{"href":"http:\/\/adrenaline33.com\/index.php?rest_route=\/wp\/v2\/pages"}],"about":[{"href":"http:\/\/adrenaline33.com\/index.php?rest_route=\/wp\/v2\/types\/page"}],"author":[{"embeddable":true,"href":"http:\/\/adrenaline33.com\/index.php?rest_route=\/wp\/v2\/users\/2"}],"replies":[{"embeddable":true,"href":"http:\/\/adrenaline33.com\/index.php?rest_route=%2Fwp%2Fv2%2Fcomments&post=1166"}],"version-history":[{"count":0,"href":"http:\/\/adrenaline33.com\/index.php?rest_route=\/wp\/v2\/pages\/1166\/revisions"}],"up":[{"embeddable":true,"href":"http:\/\/adrenaline33.com\/index.php?rest_route=\/wp\/v2\/pages\/630"}],"wp:attachment":[{"href":"http:\/\/adrenaline33.com\/index.php?rest_route=%2Fwp%2Fv2%2Fmedia&parent=1166"}],"curies":[{"name":"wp","href":"https:\/\/api.w.org\/{rel}","templated":true}]}}