{"id":1376,"date":"2023-09-22T18:25:58","date_gmt":"2023-09-22T16:25:58","guid":{"rendered":"http:\/\/adrenaline33.com\/?page_id=1376"},"modified":"2023-09-22T18:32:49","modified_gmt":"2023-09-22T16:32:49","slug":"resultats-les-montees-dadrenaline-2022","status":"publish","type":"page","link":"http:\/\/adrenaline33.com\/?page_id=1376","title":{"rendered":"R\u00e9sultats les Mont\u00e9es d&rsquo;Adr\u00e9naline 2022"},"content":{"rendered":"\n<div class=\"wp-block-file\"><object class=\"wp-block-file__embed\" data=\"http:\/\/adrenaline33.com\/wp-content\/uploads\/2022\/11\/Classement-cani-trail.pdf\" type=\"application\/pdf\" style=\"width:100%;height:600px\" aria-label=\"Contenu embarqu\u00e9 Classement cani trail.\"><\/object><a id=\"wp-block-file--media-b1ee7de3-a7ac-4bf0-af17-c863acd14a92\" href=\"http:\/\/adrenaline33.com\/wp-content\/uploads\/2022\/11\/Classement-cani-trail.pdf\">Classement cani trail<\/a><a href=\"http:\/\/adrenaline33.com\/wp-content\/uploads\/2022\/11\/Classement-cani-trail.pdf\" class=\"wp-block-file__button wp-element-button\" download aria-describedby=\"wp-block-file--media-b1ee7de3-a7ac-4bf0-af17-c863acd14a92\">T\u00e9l\u00e9charger<\/a><\/div>\n\n\n\n<div class=\"wp-block-file\"><object class=\"wp-block-file__embed\" data=\"http:\/\/adrenaline33.com\/wp-content\/uploads\/2022\/11\/Classement-general-20km.pdf\" type=\"application\/pdf\" style=\"width:100%;height:600px\" aria-label=\"Contenu embarqu\u00e9 Classement g\u00e9n\u00e9ral 20km.\"><\/object><a id=\"wp-block-file--media-5712af25-9869-4eb2-84de-04bdffa9e523\" href=\"http:\/\/adrenaline33.com\/wp-content\/uploads\/2022\/11\/Classement-general-20km.pdf\">Classement g\u00e9n\u00e9ral 20km<\/a><a href=\"http:\/\/adrenaline33.com\/wp-content\/uploads\/2022\/11\/Classement-general-20km.pdf\" class=\"wp-block-file__button wp-element-button\" download aria-describedby=\"wp-block-file--media-5712af25-9869-4eb2-84de-04bdffa9e523\">T\u00e9l\u00e9charger<\/a><\/div>\n\n\n\n<div class=\"wp-block-file\"><object class=\"wp-block-file__embed\" data=\"http:\/\/adrenaline33.com\/wp-content\/uploads\/2022\/11\/Classement-general-10km.pdf\" type=\"application\/pdf\" style=\"width:100%;height:600px\" aria-label=\"Contenu embarqu\u00e9 Classement g\u00e9n\u00e9ral 10km.\"><\/object><a id=\"wp-block-file--media-3802bd7e-1bea-4c43-8c27-3e4427d8ca49\" href=\"http:\/\/adrenaline33.com\/wp-content\/uploads\/2022\/11\/Classement-general-10km.pdf\">Classement g\u00e9n\u00e9ral 10km<\/a><a href=\"http:\/\/adrenaline33.com\/wp-content\/uploads\/2022\/11\/Classement-general-10km.pdf\" class=\"wp-block-file__button wp-element-button\" download aria-describedby=\"wp-block-file--media-3802bd7e-1bea-4c43-8c27-3e4427d8ca49\">T\u00e9l\u00e9charger<\/a><\/div>\n\n\n\n<div class=\"wp-block-file\"><object class=\"wp-block-file__embed\" data=\"http:\/\/adrenaline33.com\/wp-content\/uploads\/2022\/11\/Classement-categories-20km.pdf\" type=\"application\/pdf\" style=\"width:100%;height:600px\" aria-label=\"Contenu embarqu\u00e9 Classement cat\u00e9gories 20km.\"><\/object><a id=\"wp-block-file--media-ef99e227-3176-4475-830a-5ca34293e282\" href=\"http:\/\/adrenaline33.com\/wp-content\/uploads\/2022\/11\/Classement-categories-20km.pdf\">Classement cat\u00e9gories 20km<\/a><a href=\"http:\/\/adrenaline33.com\/wp-content\/uploads\/2022\/11\/Classement-categories-20km.pdf\" class=\"wp-block-file__button wp-element-button\" download aria-describedby=\"wp-block-file--media-ef99e227-3176-4475-830a-5ca34293e282\">T\u00e9l\u00e9charger<\/a><\/div>\n\n\n\n<div class=\"wp-block-file\"><object class=\"wp-block-file__embed\" data=\"http:\/\/adrenaline33.com\/wp-content\/uploads\/2022\/11\/Classement-categories-10km.pdf\" type=\"application\/pdf\" style=\"width:100%;height:600px\" aria-label=\"Contenu embarqu\u00e9 Classement cat\u00e9gories 10km.\"><\/object><a id=\"wp-block-file--media-c88d7f05-2473-496f-b05f-e766181577fe\" href=\"http:\/\/adrenaline33.com\/wp-content\/uploads\/2022\/11\/Classement-categories-10km.pdf\">Classement cat\u00e9gories 10km<\/a><a href=\"http:\/\/adrenaline33.com\/wp-content\/uploads\/2022\/11\/Classement-categories-10km.pdf\" class=\"wp-block-file__button wp-element-button\" download aria-describedby=\"wp-block-file--media-c88d7f05-2473-496f-b05f-e766181577fe\">T\u00e9l\u00e9charger<\/a><\/div>\n","protected":false},"excerpt":{"rendered":"","protected":false},"author":2,"featured_media":0,"parent":630,"menu_order":1,"comment_status":"closed","ping_status":"closed","template":"","meta":{"footnotes":""},"_links":{"self":[{"href":"http:\/\/adrenaline33.com\/index.php?rest_route=\/wp\/v2\/pages\/1376"}],"collection":[{"href":"http:\/\/adrenaline33.com\/index.php?rest_route=\/wp\/v2\/pages"}],"about":[{"href":"http:\/\/adrenaline33.com\/index.php?rest_route=\/wp\/v2\/types\/page"}],"author":[{"embeddable":true,"href":"http:\/\/adrenaline33.com\/index.php?rest_route=\/wp\/v2\/users\/2"}],"replies":[{"embeddable":true,"href":"http:\/\/adrenaline33.com\/index.php?rest_route=%2Fwp%2Fv2%2Fcomments&post=1376"}],"version-history":[{"count":0,"href":"http:\/\/adrenaline33.com\/index.php?rest_route=\/wp\/v2\/pages\/1376\/revisions"}],"up":[{"embeddable":true,"href":"http:\/\/adrenaline33.com\/index.php?rest_route=\/wp\/v2\/pages\/630"}],"wp:attachment":[{"href":"http:\/\/adrenaline33.com\/index.php?rest_route=%2Fwp%2Fv2%2Fmedia&parent=1376"}],"curies":[{"name":"wp","href":"https:\/\/api.w.org\/{rel}","templated":true}]}}