{"id":173,"date":"2020-11-08T16:13:26","date_gmt":"2020-11-08T15:13:26","guid":{"rendered":"http:\/\/adrenaline33.com\/?page_id=173"},"modified":"2025-10-27T11:44:15","modified_gmt":"2025-10-27T10:44:15","slug":"presentation-des-montees-dadrenaline","status":"publish","type":"page","link":"http:\/\/adrenaline33.com\/?page_id=173","title":{"rendered":"Pr\u00e9sentation des Mont\u00e9es d&rsquo;Adr\u00e9naline MDA 2025"},"content":{"rendered":"\n<p>\u00ab LES MONTEES ET LES POUSSEES D\u2019ADRENALINE \u00bb le Dimanche 16 Novembre 2025 \u00e0 8h30<\/p>\n\n\n\n<p><br>1. Organisation: L\u2019association \u201cADRENALINE33\u201c organise la 14 \u00e8me \u00e9dition de l\u2019\u00e9v\u00e8nement \u00ab les Mont\u00e9es d\u2019Adr\u00e9naline \u00bb qui aura lieu le dimanche 16  Novembre 2025 \u00e0 8h30 \u00e0 Saint Andr\u00e9 de Cubzac ,d\u00e9part du Galway rue du Commandant Cousteau.<\/p>\n\n\n\n<p>2 .Courses p\u00e9destres :<\/p>\n\n\n\n<p>les Mont\u00e9es d\u2019Adr\u00e9naline 20 km (\u00e0 partir de la cat\u00e9gorie \u00ab&nbsp;junior&nbsp;\u00bb)et les Pouss\u00e9es d\u2019Adr\u00e9naline 10kms (ouverte aux cat\u00e9gories Cadet, Junior, Senior, V\u00e9t\u00e9ran, Hommes et Femmes licenci\u00e9s(es) ou non, \u00e9galement un Canitrail  de 10 kms ainsi qu\u2019une marche . Les courses se d\u00e9roulent principalement sur chemins et chemins de vigne. Retour de   la course enfant .<\/p>\n\n\n\n<figure class=\"wp-block-image size-large\"><img decoding=\"async\" loading=\"lazy\" width=\"724\" height=\"1024\" data-src=\"http:\/\/adrenaline33.com\/wp-content\/uploads\/2025\/10\/ADRENALINE_Flyer_LesMontees_2025-3-724x1024.jpeg\" alt=\"\" class=\"wp-image-1886 lazyload\" data-srcset=\"http:\/\/adrenaline33.com\/wp-content\/uploads\/2025\/10\/ADRENALINE_Flyer_LesMontees_2025-3-724x1024.jpeg 724w, http:\/\/adrenaline33.com\/wp-content\/uploads\/2025\/10\/ADRENALINE_Flyer_LesMontees_2025-3-212x300.jpeg 212w, http:\/\/adrenaline33.com\/wp-content\/uploads\/2025\/10\/ADRENALINE_Flyer_LesMontees_2025-3-768x1086.jpeg 768w, http:\/\/adrenaline33.com\/wp-content\/uploads\/2025\/10\/ADRENALINE_Flyer_LesMontees_2025-3.jpeg 905w\" data-sizes=\"(max-width: 724px) 100vw, 724px\" src=\"data:image\/gif;base64,R0lGODlhAQABAAAAACH5BAEKAAEALAAAAAABAAEAAAICTAEAOw==\" style=\"--smush-placeholder-width: 724px; --smush-placeholder-aspect-ratio: 724\/1024;\" \/><noscript><img decoding=\"async\" loading=\"lazy\" width=\"724\" height=\"1024\" src=\"http:\/\/adrenaline33.com\/wp-content\/uploads\/2025\/10\/ADRENALINE_Flyer_LesMontees_2025-3-724x1024.jpeg\" alt=\"\" class=\"wp-image-1886\" srcset=\"http:\/\/adrenaline33.com\/wp-content\/uploads\/2025\/10\/ADRENALINE_Flyer_LesMontees_2025-3-724x1024.jpeg 724w, http:\/\/adrenaline33.com\/wp-content\/uploads\/2025\/10\/ADRENALINE_Flyer_LesMontees_2025-3-212x300.jpeg 212w, http:\/\/adrenaline33.com\/wp-content\/uploads\/2025\/10\/ADRENALINE_Flyer_LesMontees_2025-3-768x1086.jpeg 768w, http:\/\/adrenaline33.com\/wp-content\/uploads\/2025\/10\/ADRENALINE_Flyer_LesMontees_2025-3.jpeg 905w\" sizes=\"(max-width: 724px) 100vw, 724px\" \/><\/noscript><\/figure>\n","protected":false},"excerpt":{"rendered":"<p>\u00ab LES MONTEES ET LES POUSSEES D\u2019ADRENALINE \u00bb le Dimanche 16 Novembre 2025 \u00e0 8h30 1. Organisation: L\u2019association \u201cADRENALINE33\u201c organise la 14 \u00e8me \u00e9dition de l\u2019\u00e9v\u00e8nement \u00ab les Mont\u00e9es d\u2019Adr\u00e9naline \u00bb qui aura lieu le dimanche 16 Novembre 2025 \u00e0 8h30 \u00e0 Saint Andr\u00e9 de Cubzac ,d\u00e9part du Galway rue du Commandant Cousteau. 2 .Courses [&hellip;]<\/p>\n","protected":false},"author":2,"featured_media":1225,"parent":8,"menu_order":1,"comment_status":"closed","ping_status":"closed","template":"","meta":{"footnotes":""},"_links":{"self":[{"href":"http:\/\/adrenaline33.com\/index.php?rest_route=\/wp\/v2\/pages\/173"}],"collection":[{"href":"http:\/\/adrenaline33.com\/index.php?rest_route=\/wp\/v2\/pages"}],"about":[{"href":"http:\/\/adrenaline33.com\/index.php?rest_route=\/wp\/v2\/types\/page"}],"author":[{"embeddable":true,"href":"http:\/\/adrenaline33.com\/index.php?rest_route=\/wp\/v2\/users\/2"}],"replies":[{"embeddable":true,"href":"http:\/\/adrenaline33.com\/index.php?rest_route=%2Fwp%2Fv2%2Fcomments&post=173"}],"version-history":[{"count":0,"href":"http:\/\/adrenaline33.com\/index.php?rest_route=\/wp\/v2\/pages\/173\/revisions"}],"up":[{"embeddable":true,"href":"http:\/\/adrenaline33.com\/index.php?rest_route=\/wp\/v2\/pages\/8"}],"wp:featuredmedia":[{"embeddable":true,"href":"http:\/\/adrenaline33.com\/index.php?rest_route=\/wp\/v2\/media\/1225"}],"wp:attachment":[{"href":"http:\/\/adrenaline33.com\/index.php?rest_route=%2Fwp%2Fv2%2Fmedia&parent=173"}],"curies":[{"name":"wp","href":"https:\/\/api.w.org\/{rel}","templated":true}]}}