{"id":174,"date":"2020-11-08T16:13:26","date_gmt":"2020-11-08T15:13:26","guid":{"rendered":"http:\/\/adrenaline33.com\/?page_id=174"},"modified":"2025-10-07T14:55:47","modified_gmt":"2025-10-07T12:55:47","slug":"reglement-des-montees-dadrenaline","status":"publish","type":"page","link":"http:\/\/adrenaline33.com\/?page_id=174","title":{"rendered":"REGLEMENTS LES MONTEES D ADRENALINE du 16 Novembre 2025"},"content":{"rendered":"\n<hr class=\"wp-block-separator has-alpha-channel-opacity\"\/>\n\n\n\n<h1 class=\"wp-block-heading\"><strong>LES MONT\u00c9ES ET LES POUSS\u00c9ES D\u2019ADR\u00c9NALINE<\/strong><\/h1>\n\n\n\n<p><strong>14e \u00e9dition \u2013 Dimanche 16 novembre 2025 \u00e0 partir de 8h30<\/strong><strong><br><\/strong> \ud83d\udccd Saint-Andr\u00e9-de-Cubzac<br>\ud83c\udf10 Site officiel :<a href=\"http:\/\/www.adrenaline33.com\/\"> www.adrenaline33.com<\/a><\/p>\n\n\n\n<hr class=\"wp-block-separator has-alpha-channel-opacity\"\/>\n\n\n\n<h2 class=\"wp-block-heading\"><strong>1. Organisation<\/strong><\/h2>\n\n\n\n<p>L\u2019association <strong>ADRENALINE33<\/strong> organise la 14\u1d49 \u00e9dition des <strong>Mont\u00e9es d\u2019Adr\u00e9naline<\/strong>, un \u00e9v\u00e9nement sportif convivial et ouvert \u00e0 tous, comprenant :<\/p>\n\n\n\n<ul>\n<li><strong>Deux courses p\u00e9destres<\/strong> :<br>\n<ul>\n<li><em>Les Mont\u00e9es d\u2019Adr\u00e9naline<\/em> \u2013 20 km<br><\/li>\n\n\n\n<li><em>Les Pouss\u00e9es d\u2019Adr\u00e9naline<\/em> \u2013 10 km<br>(Ouvertes aux cat\u00e9gories Cadet, Junior, Senior, V\u00e9t\u00e9ran, Hommes et Femmes, licenci\u00e9s ou non)<br><\/li>\n<\/ul>\n<\/li>\n\n\n\n<li><strong>Un Canitrail<\/strong> \u2013 10 km<br><\/li>\n\n\n\n<li><strong>Une marche<\/strong> \u2013 sur le parcours de 10 km (sans classement)<br><\/li>\n\n\n\n<li><strong>Une course enfants<\/strong> \u2013 pour les enfants n\u00e9s de 2012 \u00e0 2018 (sans classement)<br><\/li>\n<\/ul>\n\n\n\n<p>Les parcours empruntent majoritairement des chemins et des vignes.<\/p>\n\n\n\n<hr class=\"wp-block-separator has-alpha-channel-opacity\"\/>\n\n\n\n<h2 class=\"wp-block-heading\"><strong>2. Conditions d\u2019admission (adultes)<\/strong><\/h2>\n\n\n\n<p>Pour participer, chaque coureur <strong>majeur<\/strong> doit fournir obligatoirement l\u2019un des documents suivants :<\/p>\n\n\n\n<ul>\n<li>Une <strong>licence FFA valide<\/strong> (Athl\u00e9 Comp\u00e9tition, Athl\u00e9 Entreprise, Athl\u00e9 Running ou Pass\u2019 J\u2019aime Courir compl\u00e9t\u00e9 par un m\u00e9decin)<br><\/li>\n\n\n\n<li>Ou une <strong>attestation de r\u00e9alisation du Parcours Pr\u00e9vention Sant\u00e9 (PPS)<\/strong>, dat\u00e9e de moins de 3 mois<br>\ud83d\udc49<a href=\"https:\/\/pps.athle.fr\/\"> https:\/\/pps.athle.fr\/<br><\/a><\/li>\n<\/ul>\n\n\n\n<p>\u26a0\ufe0f Aucun dossard ne sera d\u00e9livr\u00e9 sans l\u2019un de ces justificatifs. Aucune d\u00e9rogation ne sera accept\u00e9e.<\/p>\n\n\n\n<hr class=\"wp-block-separator has-alpha-channel-opacity\"\/>\n\n\n\n<h2 class=\"wp-block-heading\"><strong>3. R\u00e8glement CANITRAIL (Extrait du r\u00e8glement FFSLC)<\/strong><\/h2>\n\n\n\n<h3 class=\"wp-block-heading\"><strong>3.1 Participants<\/strong><\/h3>\n\n\n\n<ul>\n<li>Certificat m\u00e9dical ou licence \u00e0 jour obligatoire.<br><\/li>\n\n\n\n<li>Autorisation parentale \u00e9crite pour les mineurs.<br><\/li>\n\n\n\n<li>Classements Scratch Homme et femme .<br><\/li>\n\n\n\n<li>Chaque concurrent est responsable des actes de son chien.<br><\/li>\n<\/ul>\n\n\n\n<h3 class=\"wp-block-heading\"><strong>3.2 Chiens<\/strong><\/h3>\n\n\n\n<ul>\n<li>\u00c2ge minimum : <strong>24 mois<\/strong> le jour de la course.<br><\/li>\n\n\n\n<li>Interdits : chiens de 1re cat\u00e9gorie.<br><\/li>\n\n\n\n<li>Vaccins \u00e0 jour : rage, parvovirose, leptospirose, maladie de Carr\u00e9, toux du chenil.<br><\/li>\n\n\n\n<li>Identification obligatoire (puce ou tatouage).<br><\/li>\n\n\n\n<li>Chiens de 2e cat\u00e9gorie : museli\u00e8re obligatoire sur les 100 premiers m\u00e8tres.<br><\/li>\n\n\n\n<li>Chiennes en chaleur : d\u00e9part diff\u00e9r\u00e9.<br><\/li>\n<\/ul>\n\n\n\n<h3 class=\"wp-block-heading\"><strong>3.3 D\u00e9part<\/strong><\/h3>\n\n\n\n<p>D\u00e9part group\u00e9 ou en petits groupes, selon le nombre d\u2019inscrits.<\/p>\n\n\n\n<h3 class=\"wp-block-heading\"><strong>3.4 Mat\u00e9riel Obligatoire<\/strong><\/h3>\n\n\n\n<ul>\n<li>Ceinture ou baudrier pour le coureur<br><\/li>\n\n\n\n<li>Longe (1,50 m \u00e0 2,00 m) et harnais de traction pour le chien<br>\u274c Colliers interdits<br><\/li>\n<\/ul>\n\n\n\n<h3 class=\"wp-block-heading\"><strong>3.5 Distance<\/strong><\/h3>\n\n\n\n<p>Canitrail Loisir \u2013 <strong>10 km<\/strong><\/p>\n\n\n\n<h3 class=\"wp-block-heading\"><strong>3.6 Rappel important<\/strong><\/h3>\n\n\n\n<ul>\n<li>Le chien doit toujours courir <strong>devant<\/strong> son ma\u00eetre.<br><\/li>\n\n\n\n<li>Respectez les lieux, les autres participants et le bien-\u00eatre de votre animal.<br><\/li>\n\n\n\n<li>Tout comportement inappropri\u00e9 entra\u00eenera une <strong>exclusion imm\u00e9diate<\/strong>.<br><\/li>\n\n\n\n<li>Ramassez les d\u00e9jections : des poubelles seront \u00e0 disposition au d\u00e9part et \u00e0 l\u2019arriv\u00e9e.<br><\/li>\n<\/ul>\n\n\n\n<hr class=\"wp-block-separator has-alpha-channel-opacity\"\/>\n\n\n\n<h2 class=\"wp-block-heading\"><strong>4. D\u00e9roulement des \u00e9preuves<\/strong><\/h2>\n\n\n\n<ul>\n<li><strong>Marche<\/strong> : d\u00e9part \u00e0 <strong>8h30 <\/strong>(d\u00e9part et arriv\u00e9e parc Robillard)<br><\/li>\n\n\n\n<li><strong>Canitrail (10 km)<\/strong> : d\u00e9part \u00e0 <strong>9h15<\/strong>,Rue du Commandant Cousteau(devant le Pub le Galway et l\u2019arriv\u00e9e dans le parc Robillard.<strong><br><\/strong><\/li>\n\n\n\n<li><strong>Courses 10 et 20 km<\/strong> : d\u00e9part \u00e0 <strong>9h30<\/strong>,Rue du Commandant Cousteau(devant le Pub le Galway et l\u2019arriv\u00e9e dans le parc Robillard.<\/li>\n\n\n\n<li><strong>Course enfants<\/strong> : d\u00e9part \u00e0 <strong>10h00<\/strong> dans le parc Robillard<br><\/li>\n<\/ul>\n\n\n\n<p>\ud83e\udded <strong>Parcours balis\u00e9s et fl\u00e9ch\u00e9s<\/strong>, avec signaleurs et signal\u00e9tique&nbsp;<\/p>\n\n\n\n<p>&nbsp;\ud83d\udca7 <strong>Ravitaillements<\/strong> aux km 6, km 14 et \u00e0 l\u2019arriv\u00e9e <strong>Pr\u00e9voir son propre gobelet<\/strong><br>\ud83c\udf3f <strong>Respect de l\u2019environnement<\/strong> exig\u00e9<\/p>\n\n\n\n<hr class=\"wp-block-separator has-alpha-channel-opacity\"\/>\n\n\n\n<h2 class=\"wp-block-heading\"><strong>5. Inscriptions<\/strong><\/h2>\n\n\n\n<p>\ud83d\udccd <strong>En ligne uniquement<\/strong> :<a href=\"https:\/\/erun63.fr\/\"> https:\/\/erun63.fr\/<br><\/a> \ud83d\udccd <strong>Inscriptions sur place uniquement<\/strong> pour la course enfants (non chronom\u00e9tr\u00e9e)<\/p>\n\n\n\n<h3 class=\"wp-block-heading\"><strong>Cat\u00e9gories enfants :<\/strong><\/h3>\n\n\n\n<ul>\n<li><strong>EA<\/strong> : 2017 \u00e0 2019<br><\/li>\n\n\n\n<li><strong>PO<\/strong> : 2015 et 2016<br><\/li>\n\n\n\n<li><strong>BE<\/strong> : 2013 et 2014<br><\/li>\n<\/ul>\n\n\n\n<hr class=\"wp-block-separator has-alpha-channel-opacity\"\/>\n\n\n\n<h2 class=\"wp-block-heading\"><strong>6. Retrait des dossards<\/strong><\/h2>\n\n\n\n<p>\ud83d\udccd Ch\u00e2teau Robillard<\/p>\n\n\n\n<ul>\n<li><strong>Samedi 15\/11<\/strong> : de 14h00 \u00e0 17h00<br><\/li>\n\n\n\n<li><strong>Dimanche 16\/11<\/strong> : \u00e0 partir de 8h00<br><\/li>\n<\/ul>\n\n\n\n<p>\ud83c\udfbd Le dossard devra \u00eatre <strong>fix\u00e9 sur le devant<\/strong> et <strong>enti\u00e8rement visible<\/strong>.<\/p>\n\n\n\n<hr class=\"wp-block-separator has-alpha-channel-opacity\"\/>\n\n\n\n<h2 class=\"wp-block-heading\"><strong>7. Assurances<\/strong><\/h2>\n\n\n\n<ul>\n<li>Assurance responsabilit\u00e9 civile souscrite aupr\u00e8s de <strong>PACIFICA<\/strong><strong><br><\/strong><\/li>\n\n\n\n<li>Licenci\u00e9s : couverts par l\u2019assurance li\u00e9e \u00e0 leur licence<br><\/li>\n\n\n\n<li>Non-licenci\u00e9s : doivent souscrire une assurance personnelle<br><\/li>\n<\/ul>\n\n\n\n<p>\u26a0\ufe0f L\u2019organisation d\u00e9cline toute responsabilit\u00e9 en cas d\u2019accident, vol ou s\u00e9quelles physiques.<br>\u26a0\ufe0f En participant, vous acceptez <strong>l\u2019int\u00e9gralit\u00e9 du r\u00e8glement<\/strong>.<\/p>\n\n\n\n<hr class=\"wp-block-separator has-alpha-channel-opacity\"\/>\n\n\n\n<h2 class=\"wp-block-heading\"><strong>8. Assistance m\u00e9dicale<\/strong><\/h2>\n\n\n\n<p>Dispositif de secours conforme \u00e0 la l\u00e9gislation en vigueur.<\/p>\n\n\n\n<hr class=\"wp-block-separator has-alpha-channel-opacity\"\/>\n\n\n\n<h2 class=\"wp-block-heading\"><strong>9. Classements et R\u00e9compenses<\/strong><\/h2>\n\n\n\n<p>\ud83c\udfc6 <strong>Remise des prix<\/strong> \u2013 Sur le lieu d\u2019arriv\u00e9e :<\/p>\n\n\n\n<ul>\n<li><strong>Canitrail<\/strong> : \u00e0 partir de <strong>11h00<\/strong><strong><br><\/strong><\/li>\n\n\n\n<li><strong>10 km<\/strong> : \u00e0 partir de <strong>11h30<\/strong><strong><br><\/strong><\/li>\n\n\n\n<li><strong>20 km<\/strong> : \u00e0 partir de <strong>12h30<\/strong><strong><br><\/strong><\/li>\n<\/ul>\n\n\n\n<h3 class=\"wp-block-heading\"><strong>Classements et R\u00e9compenses :<\/strong><\/h3>\n\n\n\n<h4 class=\"wp-block-heading\"><strong><em>Les Mont\u00e9es d\u2019Adr\u00e9naline<\/em><\/strong><strong> (20 km) :<\/strong><\/h4>\n\n\n\n<ul>\n<li>Classement g\u00e9n\u00e9ral et par cat\u00e9gorie (H\/F)<br><\/li>\n\n\n\n<li>R\u00e9compenses :<br>\n<ul>\n<li>Top 3 scratch<br><\/li>\n\n\n\n<li>1er de chaque cat\u00e9gorie (sans cumul)<br><\/li>\n<\/ul>\n<\/li>\n<\/ul>\n\n\n\n<h4 class=\"wp-block-heading\"><strong><em>Les Pouss\u00e9es d\u2019Adr\u00e9naline<\/em><\/strong><strong> (10 km) :<\/strong><\/h4>\n\n\n\n<ul>\n<li>Classement g\u00e9n\u00e9ral et par cat\u00e9gorie (H\/F)<br><\/li>\n\n\n\n<li>R\u00e9compenses :<br>\n<ul>\n<li>Top 3 scratch<br><\/li>\n\n\n\n<li>1er de chaque cat\u00e9gorie (sans cumul)<br><\/li>\n<\/ul>\n<\/li>\n<\/ul>\n\n\n\n<h4 class=\"wp-block-heading\"><strong><em>Canitrail<\/em><\/strong><strong> :<\/strong><\/h4>\n\n\n\n<ul>\n<li>Classement g\u00e9n\u00e9ral et par cat\u00e9gorie (H\/F)<br><\/li>\n\n\n\n<li>R\u00e9compenses :<br>\n<ul>\n<li>Top 3 scratch<br><\/li>\n\n\n\n<li>1er de chaque cat\u00e9gorie (sans cumul)<br><\/li>\n<\/ul>\n<\/li>\n<\/ul>\n\n\n\n<h4 class=\"wp-block-heading\"><strong><em>Marche<\/em><\/strong><strong> :<\/strong><\/h4>\n\n\n\n<ul>\n<li>Pas de classement, pas de r\u00e9compenses<br><\/li>\n<\/ul>\n\n\n\n<hr class=\"wp-block-separator has-alpha-channel-opacity\"\/>\n\n\n\n<h2 class=\"wp-block-heading\"><strong>10. Sanitaires<\/strong><\/h2>\n\n\n\n<p>Des sanitaires seront mis \u00e0 disposition sur le site.<\/p>\n\n\n\n<hr class=\"wp-block-separator has-alpha-channel-opacity\"\/>\n\n\n\n<h2 class=\"wp-block-heading\"><strong>11. Droit \u00e0 l\u2019image<\/strong><\/h2>\n\n\n\n<p>En participant, vous autorisez les organisateurs \u00e0 utiliser les photos\/vid\u00e9os prises pendant l\u2019\u00e9v\u00e9nement, \u00e0 des fins promotionnelles, sur tous supports, pour la dur\u00e9e l\u00e9gale pr\u00e9vue.<br>Conform\u00e9ment \u00e0 la loi \u00ab Informatique et Libert\u00e9s \u00bb du 6 janvier 1978, vous disposez d\u2019un droit d\u2019acc\u00e8s et de rectification de vos donn\u00e9es personnelles.<\/p>\n\n\n\n<hr class=\"wp-block-separator has-alpha-channel-opacity\"\/>\n\n\n\n<h2 class=\"wp-block-heading\"><strong>12. Conditions g\u00e9n\u00e9rales<\/strong><\/h2>\n\n\n\n<p>L\u2019organisation se r\u00e9serve le droit de modifier ou d\u2019annuler la manifestation en cas de force majeure ou pour des raisons de s\u00e9curit\u00e9.<\/p>\n\n\n\n<hr class=\"wp-block-separator has-alpha-channel-opacity\"\/>\n\n\n\n<p><\/p>\n","protected":false},"excerpt":{"rendered":"<p>LES MONT\u00c9ES ET LES POUSS\u00c9ES D\u2019ADR\u00c9NALINE 14e \u00e9dition \u2013 Dimanche 16 novembre 2025 \u00e0 partir de 8h30 \ud83d\udccd Saint-Andr\u00e9-de-Cubzac\ud83c\udf10 Site officiel : www.adrenaline33.com 1. Organisation L\u2019association ADRENALINE33 organise la 14\u1d49 \u00e9dition des Mont\u00e9es d\u2019Adr\u00e9naline, un \u00e9v\u00e9nement sportif convivial et ouvert \u00e0 tous, comprenant : Les parcours empruntent majoritairement des chemins et des vignes. 2. Conditions [&hellip;]<\/p>\n","protected":false},"author":2,"featured_media":0,"parent":8,"menu_order":2,"comment_status":"closed","ping_status":"closed","template":"","meta":{"footnotes":""},"_links":{"self":[{"href":"http:\/\/adrenaline33.com\/index.php?rest_route=\/wp\/v2\/pages\/174"}],"collection":[{"href":"http:\/\/adrenaline33.com\/index.php?rest_route=\/wp\/v2\/pages"}],"about":[{"href":"http:\/\/adrenaline33.com\/index.php?rest_route=\/wp\/v2\/types\/page"}],"author":[{"embeddable":true,"href":"http:\/\/adrenaline33.com\/index.php?rest_route=\/wp\/v2\/users\/2"}],"replies":[{"embeddable":true,"href":"http:\/\/adrenaline33.com\/index.php?rest_route=%2Fwp%2Fv2%2Fcomments&post=174"}],"version-history":[{"count":0,"href":"http:\/\/adrenaline33.com\/index.php?rest_route=\/wp\/v2\/pages\/174\/revisions"}],"up":[{"embeddable":true,"href":"http:\/\/adrenaline33.com\/index.php?rest_route=\/wp\/v2\/pages\/8"}],"wp:attachment":[{"href":"http:\/\/adrenaline33.com\/index.php?rest_route=%2Fwp%2Fv2%2Fmedia&parent=174"}],"curies":[{"name":"wp","href":"https:\/\/api.w.org\/{rel}","templated":true}]}}