{"id":204,"date":"2020-11-08T17:51:02","date_gmt":"2020-11-08T16:51:02","guid":{"rendered":"http:\/\/adrenaline33.com\/?page_id=204"},"modified":"2020-12-13T20:36:24","modified_gmt":"2020-12-13T19:36:24","slug":"nous-contacter","status":"publish","type":"page","link":"http:\/\/adrenaline33.com\/?page_id=204","title":{"rendered":"Nous contacter:"},"content":{"rendered":"<div data-colibri-id=\"204-c1\" class=\"style-341 style-local-204-c1 position-relative\">\r\n  <!---->\r\n  <div data-colibri-component=\"section\" data-colibri-id=\"204-c2\" id=\"initial-content\" class=\"h-section h-section-global-spacing d-flex align-items-lg-center align-items-md-center align-items-center style-342 style-local-204-c2 position-relative\">\r\n    <!---->\r\n    <!---->\r\n    <div class=\"h-section-grid-container h-section-boxed-container\">\r\n      <!---->\r\n      <div data-colibri-id=\"204-c3\" class=\"h-row-container gutters-row-lg-2 gutters-row-md-2 gutters-row-0 gutters-row-v-lg-2 gutters-row-v-md-2 gutters-row-v-2 style-343 style-local-204-c3 position-relative\">\r\n        <!---->\r\n        <div class=\"h-row justify-content-lg-center justify-content-md-center justify-content-center align-items-lg-stretch align-items-md-stretch align-items-stretch gutters-col-lg-2 gutters-col-md-2 gutters-col-0 gutters-col-v-lg-2 gutters-col-v-md-2 gutters-col-v-2\">\r\n          <!---->\r\n          <div class=\"h-column h-column-container d-flex h-col-lg-auto h-col-md-auto h-col-auto style-344-outer style-local-204-c4-outer\">\r\n            <div data-colibri-id=\"204-c4\" class=\"d-flex h-flex-basis h-column__inner h-px-lg-2 h-px-md-2 h-px-2 v-inner-lg-2 v-inner-md-2 v-inner-2 style-344 style-local-204-c4 position-relative\">\r\n              <!---->\r\n              <!---->\r\n              <div class=\"w-100 h-y-container h-column__content h-column__v-align flex-basis-100 align-self-lg-start align-self-md-start align-self-start\">\r\n                <!---->\r\n                <div data-colibri-id=\"204-c5\" class=\"style-345 style-local-204-c5 position-relative h-element\">\r\n                  <!---->\r\n                  <div>\r\n                    \r\n                    <pre class=\"wp-block-preformatted\">St\u00e9phane 0683043521 Ludovic 0675084851<\/pre>\r\n                    \r\n\r\n                    \r\n                    <p>email :\r\n                      <a href=\"mailto:adrenaline33running@gmail.com\">adrenaline33running@gmail.com<\/a>\r\n                    <\/p>\r\n                    \r\n\r\n                    \r\n                    <p>email :\r\n                      <a href=\"mailto:lesmonteesdadrenaline33@gmail.com\">lesmonteesdadrenaline33@gmail.com<\/a>\r\n                    <\/p>\r\n                    \r\n\r\n                    \r\n                    <p>\r\n                      <a href=\"https:\/\/www.facebook.com\/run.adrenaline33\">https:\/\/www.facebook.com\/run.adrenaline33<\/a>\r\n                    <\/p>\r\n                    \r\n\r\n                    \r\n                    <div class=\"wp-block-buttons is-layout-flex wp-block-buttons-is-layout-flex\">\r\n                      \r\n                      <div class=\"wp-block-button\">\r\n                        <a class=\"wp-block-button__link\" href=\"http:\/\/adrenaline33.over-blog.fr\/\">Ancien blog Adr\u00e9naline 33<\/a>\r\n                      <\/div>\r\n                      \r\n                    <\/div>\r\n                    \r\n\r\n                    \r\n                    <p><\/p>\r\n                    \r\n                  <\/div>\r\n                <\/div>\r\n              <\/div>\r\n            <\/div>\r\n          <\/div>\r\n        <\/div>\r\n      <\/div>\r\n    <\/div>\r\n  <\/div>\r\n  <div data-colibri-component=\"section\" data-colibri-id=\"204-c12\" id=\"custom\" class=\"h-section h-section-global-spacing d-flex align-items-lg-center align-items-md-center align-items-center style-352 style-local-204-c12 position-relative\">\r\n    <!---->\r\n    <!---->\r\n    <div class=\"h-section-grid-container h-section-boxed-container\">\r\n      <!---->\r\n      <div data-colibri-id=\"204-c13\" class=\"h-row-container gutters-row-lg-2 gutters-row-md-2 gutters-row-0 gutters-row-v-lg-2 gutters-row-v-md-2 gutters-row-v-2 style-353 style-local-204-c13 position-relative\">\r\n        <!---->\r\n        <div class=\"h-row justify-content-lg-center justify-content-md-center justify-content-center align-items-lg-stretch align-items-md-stretch align-items-stretch gutters-col-lg-2 gutters-col-md-2 gutters-col-0 gutters-col-v-lg-2 gutters-col-v-md-2 gutters-col-v-2\">\r\n          <!---->\r\n          <div class=\"h-column h-column-container d-flex h-col-lg-auto h-col-md-auto h-col-auto style-354-outer style-local-204-c14-outer\">\r\n            <div data-colibri-id=\"204-c14\" class=\"d-flex h-flex-basis h-column__inner h-px-lg-2 h-px-md-2 h-px-2 v-inner-lg-2 v-inner-md-2 v-inner-2 style-354 style-local-204-c14 position-relative\">\r\n              <!---->\r\n              <!---->\r\n              <div class=\"w-100 h-y-container h-column__content h-column__v-align flex-basis-100 align-self-lg-start align-self-md-start align-self-start\">\r\n                <!---->\r\n                <div data-colibri-id=\"204-c15\" class=\"h-x-container style-355 style-local-204-c15 position-relative h-element\">\r\n                  <!---->\r\n                  <div class=\"h-x-container-inner style-dynamic-204-c15-group style-355-spacing style-local-204-c15-spacing\"><span class=\"h-button__outer style-356-outer style-local-204-c16-outer d-inline-flex h-element\"><a h-use-smooth-scroll=\"true\" href=\"{&quot;type&quot;:&quot;form&quot;,&quot;data&quot;:{&quot;fields&quot;:[{&quot;id&quot;:&quot;name-1&quot;,&quot;element_id&quot;:&quot;name-1&quot;,&quot;form_id&quot;:&quot;wrapper-1511347711918-1669&quot;,&quot;type&quot;:&quot;name&quot;,&quot;cols&quot;:&quot;12&quot;,&quot;required&quot;:&quot;true&quot;,&quot;field_label&quot;:&quot;Nom&quot;,&quot;placeholder&quot;:&quot;Par exemple&nbsp;: \u00ab&nbsp;Jean&nbsp;\u00bb&quot;,&quot;prefix_label&quot;:&quot;Pr\u00e9fixe&quot;,&quot;fname_label&quot;:&quot;Nom&quot;,&quot;fname_placeholder&quot;:&quot;Par exemple&nbsp;: \u00ab&nbsp;Jean&nbsp;\u00bb&quot;,&quot;mname_label&quot;:&quot;Deuxi\u00e8me pr\u00e9nom&quot;,&quot;mname_placeholder&quot;:&quot;Par exemple&nbsp;: \u00ab&nbsp;Dupont&nbsp;\u00bb&quot;,&quot;lname_label&quot;:&quot;Pr\u00e9nom&quot;,&quot;lname_placeholder&quot;:&quot;Par exemple&nbsp;: \u00ab&nbsp;Dupont&nbsp;\u00bb&quot;,&quot;wrapper_id&quot;:&quot;wrapper-1511347711918-1669&quot;},{&quot;id&quot;:&quot;email-1&quot;,&quot;element_id&quot;:&quot;email-1&quot;,&quot;form_id&quot;:&quot;wrapper-1511347712118-1739&quot;,&quot;type&quot;:&quot;email&quot;,&quot;cols&quot;:&quot;12&quot;,&quot;required&quot;:&quot;true&quot;,&quot;field_label&quot;:&quot;Adresse de messagerie&quot;,&quot;placeholder&quot;:&quot;Par exemple&nbsp;: jacques@martin.com&quot;,&quot;validation&quot;:true,&quot;validation_text&quot;:&quot;&quot;,&quot;wrapper_id&quot;:&quot;wrapper-1511347712118-1739&quot;},{&quot;id&quot;:&quot;phone-1&quot;,&quot;element_id&quot;:&quot;phone-1&quot;,&quot;form_id&quot;:&quot;wrapper-1311247712118-1194&quot;,&quot;type&quot;:&quot;phone&quot;,&quot;cols&quot;:&quot;12&quot;,&quot;required&quot;:false,&quot;field_label&quot;:&quot;Num\u00e9ro de t\u00e9l\u00e9phone&quot;,&quot;placeholder&quot;:&quot;Par exemple&nbsp;: +1 3004005000&quot;,&quot;validation&quot;:&quot;none&quot;,&quot;phone_validation_type&quot;:&quot;standard&quot;,&quot;validation_text&quot;:&quot;&quot;,&quot;wrapper_id&quot;:&quot;wrapper-1311247712118-1194&quot;},{&quot;id&quot;:&quot;textarea-1&quot;,&quot;element_id&quot;:&quot;textarea-1&quot;,&quot;form_id&quot;:&quot;wrapper-1988247712118-9871&quot;,&quot;type&quot;:&quot;textarea&quot;,&quot;cols&quot;:&quot;12&quot;,&quot;required&quot;:false,&quot;field_label&quot;:&quot;Message&quot;,&quot;placeholder&quot;:&quot;Saisissez votre message\u2026&quot;,&quot;input_type&quot;:&quot;paragraph&quot;,&quot;limit&quot;:&quot;180&quot;,&quot;limit_type&quot;:&quot;characters&quot;,&quot;wrapper_id&quot;:&quot;wrapper-1988247712118-9871&quot;}],&quot;settings&quot;:{&quot;pagination-header&quot;:&quot;nav&quot;,&quot;paginationData&quot;:{&quot;pagination-header-design&quot;:&quot;show&quot;,&quot;pagination-header&quot;:&quot;nav&quot;},&quot;formName&quot;:&quot;Renseignement Adr\u00e9naline 33&quot;,&quot;version&quot;:&quot;1.14.0&quot;,&quot;form-border-style&quot;:&quot;none&quot;,&quot;form-padding&quot;:&quot;&quot;,&quot;form-border&quot;:&quot;&quot;,&quot;fields-style&quot;:&quot;open&quot;,&quot;validation&quot;:&quot;on_submit&quot;,&quot;form-style&quot;:&quot;default&quot;,&quot;enable-ajax&quot;:&quot;true&quot;,&quot;autoclose&quot;:&quot;true&quot;,&quot;submission-indicator&quot;:&quot;show&quot;,&quot;indicator-label&quot;:&quot;Soumission en cours\u2026&quot;,&quot;form-type&quot;:&quot;default&quot;,&quot;submission-behaviour&quot;:&quot;behaviour-thankyou&quot;,&quot;thankyou-message&quot;:&quot;Merci de nous avoir contact\u00e9, nous reviendrons vers vous sous peu.&quot;,&quot;submitData&quot;:{&quot;custom-submit-text&quot;:&quot;Envoyer le message&quot;,&quot;custom-invalid-form-message&quot;:&quot;Erreur&nbsp;: votre formulaire n\u2019est pas valide, veuillez corriger les erreurs&nbsp;!&quot;},&quot;validation-inline&quot;:&quot;1&quot;,&quot;form-expire&quot;:&quot;no_expire&quot;,&quot;form-padding-top&quot;:&quot;0&quot;,&quot;form-padding-right&quot;:&quot;0&quot;,&quot;form-padding-bottom&quot;:&quot;0&quot;,&quot;form-padding-left&quot;:&quot;0&quot;,&quot;form-border-width&quot;:&quot;0&quot;,&quot;form-border-radius&quot;:&quot;0&quot;,&quot;cform-label-font-family&quot;:&quot;Roboto&quot;,&quot;cform-label-custom-family&quot;:&quot;&quot;,&quot;cform-label-font-size&quot;:&quot;12&quot;,&quot;cform-label-font-weight&quot;:&quot;bold&quot;,&quot;cform-title-font-family&quot;:&quot;Roboto&quot;,&quot;cform-title-custom-family&quot;:&quot;&quot;,&quot;cform-title-font-size&quot;:&quot;45&quot;,&quot;cform-title-font-weight&quot;:&quot;normal&quot;,&quot;cform-title-text-align&quot;:&quot;left&quot;,&quot;cform-subtitle-font-family&quot;:&quot;Roboto&quot;,&quot;cform-subtitle-custom-font&quot;:&quot;&quot;,&quot;cform-subtitle-font-size&quot;:&quot;18&quot;,&quot;cform-subtitle-font-weight&quot;:&quot;normal&quot;,&quot;cform-subtitle-text-align&quot;:&quot;left&quot;,&quot;cform-input-font-family&quot;:&quot;Roboto&quot;,&quot;cform-input-custom-font&quot;:&quot;&quot;,&quot;cform-input-font-size&quot;:&quot;16&quot;,&quot;cform-input-font-weight&quot;:&quot;normal&quot;,&quot;cform-radio-font-family&quot;:&quot;Roboto&quot;,&quot;cform-radio-custom-font&quot;:&quot;&quot;,&quot;cform-radio-font-size&quot;:&quot;14&quot;,&quot;cform-radio-font-weight&quot;:&quot;normal&quot;,&quot;cform-select-font-family&quot;:&quot;Roboto&quot;,&quot;cform-select-custom-family&quot;:&quot;&quot;,&quot;cform-select-font-size&quot;:&quot;16&quot;,&quot;cform-select-font-weight&quot;:&quot;normal&quot;,&quot;cform-multiselect-font-family&quot;:&quot;Roboto&quot;,&quot;cform-multiselect-custom-font&quot;:&quot;&quot;,&quot;cform-multiselect-font-size&quot;:&quot;16&quot;,&quot;cform-multiselect-font-weight&quot;:&quot;normal&quot;,&quot;cform-dropdown-font-family&quot;:&quot;Roboto&quot;,&quot;cform-dropdown-custom-font&quot;:&quot;&quot;,&quot;cform-dropdown-font-size&quot;:&quot;16&quot;,&quot;cform-dropdown-font-weight&quot;:&quot;normal&quot;,&quot;cform-calendar-font-family&quot;:&quot;Roboto&quot;,&quot;cform-calendar-custom-font&quot;:&quot;&quot;,&quot;cform-calendar-font-size&quot;:&quot;13&quot;,&quot;cform-calendar-font-weight&quot;:&quot;normal&quot;,&quot;cform-button-font-family&quot;:&quot;Roboto&quot;,&quot;cform-button-custom-font&quot;:&quot;&quot;,&quot;cform-button-font-size&quot;:&quot;14&quot;,&quot;cform-button-font-weight&quot;:&quot;500&quot;,&quot;cform-timeline-font-family&quot;:&quot;Roboto&quot;,&quot;cform-timeline-custom-font&quot;:&quot;&quot;,&quot;cform-timeline-font-size&quot;:&quot;12&quot;,&quot;cform-timeline-font-weight&quot;:&quot;normal&quot;,&quot;cform-pagination-font-family&quot;:&quot;&quot;,&quot;cform-pagination-custom-font&quot;:&quot;&quot;,&quot;cform-pagination-font-size&quot;:&quot;16&quot;,&quot;cform-pagination-font-weight&quot;:&quot;normal&quot;,&quot;payment_require_ssl&quot;:&quot;&quot;,&quot;submission-file&quot;:&quot;delete&quot;,&quot;form_name&quot;:&quot;Renseignement Adr\u00e9naline 33&quot;,&quot;form_status&quot;:&quot;publish&quot;,&quot;store&quot;:&quot;&quot;},&quot;client_id&quot;:null,&quot;notifications&quot;:[{&quot;slug&quot;:&quot;notification-1234-4567&quot;,&quot;label&quot;:&quot;Admin Email&quot;,&quot;email-recipients&quot;:&quot;default&quot;,&quot;recipients&quot;:&quot;stephane.decadi@orange.fr&quot;,&quot;email-subject&quot;:&quot;Nouvelle entr\u00e9e de formulaire n\u00b0{submission_id} pour {form_name}&quot;,&quot;email-editor&quot;:&quot;Vous avez une nouvelle soumission de formulaire&nbsp;: <br\/> {all_fields} <br\/>&#8212;<br\/> Ce message a \u00e9t\u00e9 envoy\u00e9 depuis {site_url}.&quot;,&quot;email-attachment&quot;:&quot;true&quot;}]},&quot;status&quot;:&quot;publish&quot;,&quot;version&quot;:&quot;1.14.6&quot;}\u00a0\u00bb  data-colibri-id=\u00a0\u00bb204-c16&Prime; class=\u00a0\u00bbd-flex w-100 align-items-center h-button justify-content-lg-center justify-content-md-center justify-content-center style-356 style-local-204-c16 position-relative\u00a0\u00bb><!----><!----> <span>Formulaire de renseignements<\/span><\/a>\r\n                    <\/span>\r\n                  <\/div>\r\n                <\/div>\r\n              <\/div>\r\n            <\/div>\r\n          <\/div>\r\n        <\/div>\r\n      <\/div>\r\n    <\/div>\r\n  <\/div>\r\n<\/div>","protected":false},"excerpt":{"rendered":"<p>St\u00e9phane 0683043521 Ludovic 0675084851 email : adrenaline33running@gmail.com email : lesmonteesdadrenaline33@gmail.com https:\/\/www.facebook.com\/run.adrenaline33<\/p>\n","protected":false},"author":2,"featured_media":0,"parent":410,"menu_order":5,"comment_status":"closed","ping_status":"closed","template":"page-templates\/full-width-page.php","meta":{"footnotes":""},"_links":{"self":[{"href":"http:\/\/adrenaline33.com\/index.php?rest_route=\/wp\/v2\/pages\/204"}],"collection":[{"href":"http:\/\/adrenaline33.com\/index.php?rest_route=\/wp\/v2\/pages"}],"about":[{"href":"http:\/\/adrenaline33.com\/index.php?rest_route=\/wp\/v2\/types\/page"}],"author":[{"embeddable":true,"href":"http:\/\/adrenaline33.com\/index.php?rest_route=\/wp\/v2\/users\/2"}],"replies":[{"embeddable":true,"href":"http:\/\/adrenaline33.com\/index.php?rest_route=%2Fwp%2Fv2%2Fcomments&post=204"}],"version-history":[{"count":0,"href":"http:\/\/adrenaline33.com\/index.php?rest_route=\/wp\/v2\/pages\/204\/revisions"}],"up":[{"embeddable":true,"href":"http:\/\/adrenaline33.com\/index.php?rest_route=\/wp\/v2\/pages\/410"}],"wp:attachment":[{"href":"http:\/\/adrenaline33.com\/index.php?rest_route=%2Fwp%2Fv2%2Fmedia&parent=204"}],"curies":[{"name":"wp","href":"https:\/\/api.w.org\/{rel}","templated":true}]}}