{"id":326,"date":"2020-11-15T22:15:08","date_gmt":"2020-11-15T21:15:08","guid":{"rendered":"http:\/\/adrenaline33.com\/colibri-wp\/"},"modified":"2025-11-16T19:10:30","modified_gmt":"2025-11-16T18:10:30","slug":"colibri-wp","status":"publish","type":"page","link":"http:\/\/adrenaline33.com\/","title":{"rendered":"Accueil"},"content":{"rendered":"\n<p class=\"has-text-align-center has-large-font-size\"><\/p>\n\n\n<div class=\"wp-block-columns\">\n\n\n<div class=\"wp-block-column is-layout-flow wp-block-column-is-layout-flow\" style=\"flex-basis: 100%;\">\n\n<div class=\"style-204 style-local-326-c1 position-relative\" data-colibri-id=\"326-c1\">\n<div id=\"about\" class=\"h-section h-section-global-spacing d-flex align-items-lg-center align-items-md-center align-items-center style-212 style-local-326-c2 position-relative\" data-colibri-component=\"section\" data-colibri-id=\"326-c2\">\n<div class=\"h-section-grid-container h-section-boxed-container\">\n<p>Depuis maintenant 20 ans nous nous faisons une joie de vous accompagner dans vos sorties running !<br \/>20 ans que nos rendez-vous rencontrent du succ\u00e8s\u2026 et c\u2019est normal ! Vous savez pourquoi ? Parce que nous aimons partager notre passion, parce que nous aimons ce sentiment de libert\u00e9 que nous apporte la course \u00e0 pied !<br \/>Ici pas de coach, pas de dirigeant (sauf sur le papier :), ) chacun apporte sa pierre \u00e0 l\u2019\u00e9difice, nos sorties du mercredi et du dimanche se d\u00e9roulent dans la bonne humeur, sans prise de t\u00eate.<br \/>Notre but : vous satisfaire, vous accompagner du mieux que nous pouvons, vous conseiller parfois et surtout PARTAGER !<br \/>Nous vous proposons des sorties plus ou moins longues suivant votre niveau et vos envies, aucune obligation.<br \/>Le mercredi la sortie est d\u2019environ 1h autour de Saint Andr\u00e9 de Cubzac, le dimanche entre 1h30 et 2h soit dans les environs soit en sortie extra : sur V\u00e9rac, Bourg sur Gironde etc l\u00e0 o\u00f9 l\u2019envie nous guide.<br \/>Adr\u00e9naline 33 c\u2019est de la route et des chemins\u2026nous vous proposerons des sorties courses aussi bien en Gironde qu\u2019hors d\u00e9partement pour go\u00fbter d\u2019autres contr\u00e9es, d\u2019autres terrains, certaines vous seront m\u00eame offerte ! Les familles ne sont pas en reste avec nos weekends \u201csp\u00e9cial famille\u201d ! Voyez comme on vous aime!<br \/>D\u00e9butants ou confirm\u00e9s vous trouverez avec Adr\u00e9naline 33, une famille, des amis avec qui partager votre passion ou bien juste partager vos envie de sport une volont\u00e9 de se reprendre en main comme on dit, mais toujours, oui toujours vous serez les bienvenus, nous prendrons soins de courir \u00e0 vos c\u00f4t\u00e9s.<br \/>Avec Adr\u00e9naline 33 vous aurez la chance de voir de l\u2019int\u00e9rieur l\u2019organisation d\u2019une course en direct. Et oui tous les ans nous organisons deux courses nature (ou trail) autour et dans Saint Andr\u00e9 de Cubzac : Les MDA ou Mont\u00e9es d\u2019Adr\u00e9naline<br \/>Pour en savoir plus il suffit de cliquer dans l\u2019onglet \u201c<a href=\"https:\/\/adrenaline33.com\/?page_id=8\" target=\"_blank\" rel=\"noopener\">les mont\u00e9es d\u2019adr\u00e9naline<\/a>\u201d dans le menu.<br \/>Vous souhaitez adh\u00e9rer ? rien de plus facile : cliquer sur sur l\u2019onglet \u201ccontact et inscription\u201d, vous y trouverez les personnes \u00e0 contacter et m\u00eame le bulletin d\u2019inscription et la s\u00e9ance de d\u00e9couverte vous est offerte !<\/p>\n<p style=\"text-align: center;\"><strong>Alors n\u2019h\u00e9sitez plus : REJOIGNEZ ADRENALINE 33.<\/strong><\/p>\n<\/div>\n<\/div>\n\n<\/div>\n<\/div>\n<\/div>\n<div class=\"wp-block-columns\">\u00a0<\/div>\n\n\n\n<p class=\"has-text-align-center has-large-font-size\"><strong>Les mont\u00e9es d&rsquo;Adr\u00e9naline 2025<\/strong><\/p>\n\n\n\n<p class=\"has-medium-font-size\">Cette nouvelle \u00e9dition 2025 des Mont\u00e9es d\u2019Adr\u00e9naline aura encore une fois \u00e9t\u00e9 extraordinaire. La m\u00e9t\u00e9o \u00e9tait avec nous, pas de pluie voir m\u00eame du soleil durant la matin\u00e9e et des temp\u00e9ratures douces&#8230;<\/p>\n\n\n\n<p class=\"has-medium-font-size\"><strong><a href=\"https:\/\/adrenaline33.com\/?p=1925\" target=\"_blank\" rel=\"noreferrer noopener\">La suite&#8230;<\/a><\/strong><\/p>\n\n\n\n<figure class=\"wp-block-image size-large is-resized\"><img decoding=\"async\" loading=\"lazy\" width=\"1024\" height=\"418\" data-src=\"https:\/\/adrenaline33.com\/wp-content\/uploads\/2025\/11\/2025.11.16-MDA-2025-Adrenaline-33-745-1024x418.jpg\" alt=\"\" class=\"wp-image-1960 lazyload\" style=\"--smush-placeholder-width: 1024px; --smush-placeholder-aspect-ratio: 1024\/418;aspect-ratio:2.449760765550239;width:840px;height:auto\" data-srcset=\"http:\/\/adrenaline33.com\/wp-content\/uploads\/2025\/11\/2025.11.16-MDA-2025-Adrenaline-33-745-1024x418.jpg 1024w, http:\/\/adrenaline33.com\/wp-content\/uploads\/2025\/11\/2025.11.16-MDA-2025-Adrenaline-33-745-300x122.jpg 300w, http:\/\/adrenaline33.com\/wp-content\/uploads\/2025\/11\/2025.11.16-MDA-2025-Adrenaline-33-745-768x313.jpg 768w, http:\/\/adrenaline33.com\/wp-content\/uploads\/2025\/11\/2025.11.16-MDA-2025-Adrenaline-33-745.jpg 1035w\" data-sizes=\"(max-width: 1024px) 100vw, 1024px\" src=\"data:image\/gif;base64,R0lGODlhAQABAAAAACH5BAEKAAEALAAAAAABAAEAAAICTAEAOw==\" \/><noscript><img decoding=\"async\" loading=\"lazy\" width=\"1024\" height=\"418\" src=\"https:\/\/adrenaline33.com\/wp-content\/uploads\/2025\/11\/2025.11.16-MDA-2025-Adrenaline-33-745-1024x418.jpg\" alt=\"\" class=\"wp-image-1960\" style=\"aspect-ratio:2.449760765550239;width:840px;height:auto\" srcset=\"http:\/\/adrenaline33.com\/wp-content\/uploads\/2025\/11\/2025.11.16-MDA-2025-Adrenaline-33-745-1024x418.jpg 1024w, http:\/\/adrenaline33.com\/wp-content\/uploads\/2025\/11\/2025.11.16-MDA-2025-Adrenaline-33-745-300x122.jpg 300w, http:\/\/adrenaline33.com\/wp-content\/uploads\/2025\/11\/2025.11.16-MDA-2025-Adrenaline-33-745-768x313.jpg 768w, http:\/\/adrenaline33.com\/wp-content\/uploads\/2025\/11\/2025.11.16-MDA-2025-Adrenaline-33-745.jpg 1035w\" sizes=\"(max-width: 1024px) 100vw, 1024px\" \/><\/noscript><\/figure>\n\n\n<div class=\"wp-block-image\">\n<figure class=\"alignleft size-large is-resized\"><img decoding=\"async\" loading=\"lazy\" width=\"1024\" height=\"598\" data-src=\"http:\/\/adrenaline33.com\/wp-content\/uploads\/2025\/11\/2025.11.16-MDA-2025-Adrenaline-33-36-1024x598.jpg\" alt=\"\" class=\"wp-image-1953 lazyload\" style=\"--smush-placeholder-width: 1024px; --smush-placeholder-aspect-ratio: 1024\/598;aspect-ratio:1.7123745819397993;width:844px;height:auto\" data-srcset=\"http:\/\/adrenaline33.com\/wp-content\/uploads\/2025\/11\/2025.11.16-MDA-2025-Adrenaline-33-36-1024x598.jpg 1024w, http:\/\/adrenaline33.com\/wp-content\/uploads\/2025\/11\/2025.11.16-MDA-2025-Adrenaline-33-36-300x175.jpg 300w, http:\/\/adrenaline33.com\/wp-content\/uploads\/2025\/11\/2025.11.16-MDA-2025-Adrenaline-33-36-768x448.jpg 768w, http:\/\/adrenaline33.com\/wp-content\/uploads\/2025\/11\/2025.11.16-MDA-2025-Adrenaline-33-36.jpg 1103w\" data-sizes=\"(max-width: 1024px) 100vw, 1024px\" src=\"data:image\/gif;base64,R0lGODlhAQABAAAAACH5BAEKAAEALAAAAAABAAEAAAICTAEAOw==\" \/><noscript><img decoding=\"async\" loading=\"lazy\" width=\"1024\" height=\"598\" src=\"http:\/\/adrenaline33.com\/wp-content\/uploads\/2025\/11\/2025.11.16-MDA-2025-Adrenaline-33-36-1024x598.jpg\" alt=\"\" class=\"wp-image-1953\" style=\"aspect-ratio:1.7123745819397993;width:844px;height:auto\" srcset=\"http:\/\/adrenaline33.com\/wp-content\/uploads\/2025\/11\/2025.11.16-MDA-2025-Adrenaline-33-36-1024x598.jpg 1024w, http:\/\/adrenaline33.com\/wp-content\/uploads\/2025\/11\/2025.11.16-MDA-2025-Adrenaline-33-36-300x175.jpg 300w, http:\/\/adrenaline33.com\/wp-content\/uploads\/2025\/11\/2025.11.16-MDA-2025-Adrenaline-33-36-768x448.jpg 768w, http:\/\/adrenaline33.com\/wp-content\/uploads\/2025\/11\/2025.11.16-MDA-2025-Adrenaline-33-36.jpg 1103w\" sizes=\"(max-width: 1024px) 100vw, 1024px\" \/><\/noscript><\/figure><\/div>\n\n<div class=\"wp-block-image\">\n<figure class=\"alignright size-large is-resized\"><img decoding=\"async\" loading=\"lazy\" width=\"1024\" height=\"682\" data-src=\"http:\/\/adrenaline33.com\/wp-content\/uploads\/2025\/11\/2025.11.16-MDA-2025-Adrenaline-33-736-1024x682.jpg\" alt=\"\" class=\"wp-image-1956 lazyload\" style=\"--smush-placeholder-width: 1024px; --smush-placeholder-aspect-ratio: 1024\/682;aspect-ratio:1.501466275659824;width:836px;height:auto\" data-srcset=\"http:\/\/adrenaline33.com\/wp-content\/uploads\/2025\/11\/2025.11.16-MDA-2025-Adrenaline-33-736-1024x682.jpg 1024w, http:\/\/adrenaline33.com\/wp-content\/uploads\/2025\/11\/2025.11.16-MDA-2025-Adrenaline-33-736-300x200.jpg 300w, http:\/\/adrenaline33.com\/wp-content\/uploads\/2025\/11\/2025.11.16-MDA-2025-Adrenaline-33-736-768x512.jpg 768w, http:\/\/adrenaline33.com\/wp-content\/uploads\/2025\/11\/2025.11.16-MDA-2025-Adrenaline-33-736.jpg 1280w\" data-sizes=\"(max-width: 1024px) 100vw, 1024px\" src=\"data:image\/gif;base64,R0lGODlhAQABAAAAACH5BAEKAAEALAAAAAABAAEAAAICTAEAOw==\" \/><noscript><img decoding=\"async\" loading=\"lazy\" width=\"1024\" height=\"682\" src=\"http:\/\/adrenaline33.com\/wp-content\/uploads\/2025\/11\/2025.11.16-MDA-2025-Adrenaline-33-736-1024x682.jpg\" alt=\"\" class=\"wp-image-1956\" style=\"aspect-ratio:1.501466275659824;width:836px;height:auto\" srcset=\"http:\/\/adrenaline33.com\/wp-content\/uploads\/2025\/11\/2025.11.16-MDA-2025-Adrenaline-33-736-1024x682.jpg 1024w, http:\/\/adrenaline33.com\/wp-content\/uploads\/2025\/11\/2025.11.16-MDA-2025-Adrenaline-33-736-300x200.jpg 300w, http:\/\/adrenaline33.com\/wp-content\/uploads\/2025\/11\/2025.11.16-MDA-2025-Adrenaline-33-736-768x512.jpg 768w, http:\/\/adrenaline33.com\/wp-content\/uploads\/2025\/11\/2025.11.16-MDA-2025-Adrenaline-33-736.jpg 1280w\" sizes=\"(max-width: 1024px) 100vw, 1024px\" \/><\/noscript><\/figure><\/div>","protected":false},"excerpt":{"rendered":"<p>Depuis maintenant 20 ans nous nous faisons une joie de vous accompagner dans vos sorties running !20 ans que nos rendez-vous rencontrent du succ\u00e8s\u2026 et c\u2019est normal ! Vous savez pourquoi ? Parce que nous aimons partager notre passion, parce que nous aimons ce sentiment de libert\u00e9 que nous apporte la course \u00e0 pied !Ici [&hellip;]<\/p>\n","protected":false},"author":2,"featured_media":0,"parent":0,"menu_order":0,"comment_status":"closed","ping_status":"closed","template":"page-templates\/homepage.php","meta":{"footnotes":""},"_links":{"self":[{"href":"http:\/\/adrenaline33.com\/index.php?rest_route=\/wp\/v2\/pages\/326"}],"collection":[{"href":"http:\/\/adrenaline33.com\/index.php?rest_route=\/wp\/v2\/pages"}],"about":[{"href":"http:\/\/adrenaline33.com\/index.php?rest_route=\/wp\/v2\/types\/page"}],"author":[{"embeddable":true,"href":"http:\/\/adrenaline33.com\/index.php?rest_route=\/wp\/v2\/users\/2"}],"replies":[{"embeddable":true,"href":"http:\/\/adrenaline33.com\/index.php?rest_route=%2Fwp%2Fv2%2Fcomments&post=326"}],"version-history":[{"count":0,"href":"http:\/\/adrenaline33.com\/index.php?rest_route=\/wp\/v2\/pages\/326\/revisions"}],"wp:attachment":[{"href":"http:\/\/adrenaline33.com\/index.php?rest_route=%2Fwp%2Fv2%2Fmedia&parent=326"}],"curies":[{"name":"wp","href":"https:\/\/api.w.org\/{rel}","templated":true}]}}