{"id":7,"date":"2020-10-20T21:20:59","date_gmt":"2020-10-20T19:20:59","guid":{"rendered":"http:\/\/adrenaline33.com\/?page_id=7"},"modified":"2020-11-15T22:31:23","modified_gmt":"2020-11-15T21:31:23","slug":"a-propos-de","status":"publish","type":"page","link":"http:\/\/adrenaline33.com\/?page_id=7","title":{"rendered":"Qui sommes nous ?"},"content":{"rendered":"\n<p>Depuis maintenant 18 ans nous nous faisons une joie de vous accompagner dans vos sorties running !<br>15 ans que nos rendez-vous&nbsp; rencontrent du succ\u00e8s&#8230; et c&rsquo;est normal ! Vous savez pourquoi ? Parce que nous aimons partager notre passion, parce que nous aimons ce sentiment de libert\u00e9 que nous apporte la course \u00e0 pied !<br>Ici pas de coach, pas de dirigeant (sauf sur le papier :), ) chacun apporte sa pierre \u00e0 l&rsquo;\u00e9difice, nos sorties du mercredi , vendredi et du dimanche se d\u00e9roulent dans la bonne humeur, sans prise de t\u00eate.<br>Notre but : vous satisfaire, vous accompagner du mieux que nous pouvons, vous conseiller parfois et surtout PARTAGER !<br>Nous vous proposons des sorties plus ou moins longues suivant votre niveau et vos envies, aucune obligation.<br>Le mercrediet le vendredi, la sortie est d&rsquo;environ 1h autour de Saint Andr\u00e9 de Cubzac, le dimanche entre 1h30 et 2h soit dans les environs soit en sortie extra : sur V\u00e9rac, Bourg sur Gironde etc l\u00e0 o\u00f9 l&rsquo;envie nous guide.<br>Adr\u00e9naline 33 c&rsquo;est de la route et des chemins&#8230;nous vous proposerons des sorties courses aussi bien en Gironde qu&rsquo;hors d\u00e9partement pour go\u00fbter d&rsquo;autres contr\u00e9es, d&rsquo;autres terrains, certaines vous seront m\u00eame offerte ! Les familles ne sont pas en reste avec nos weekends \u00ab\u00a0sp\u00e9cial famille\u00a0\u00bb ! Voyez comme on vous aime!<br>D\u00e9butants ou confirm\u00e9s vous trouverez avec Adr\u00e9naline 33, une famille, des amis avec qui partager votre passion ou bien juste partager vos envie de sport une volont\u00e9 de se reprendre en main comme on dit, mais toujours, oui toujours vous serez les bienvenus, nous prendrons soins de courir \u00e0 vos c\u00f4t\u00e9s.<br>Avec Adr\u00e9naline 33 vous aurez la chance de voir de l&rsquo;int\u00e9rieur l&rsquo;organisation d&rsquo;une course en direct. Et oui tous les ans nous organisons deux courses nature (ou trail) autour et dans Saint Andr\u00e9 de Cubzac : Les MDA ou Mont\u00e9es d&rsquo;Adr\u00e9naline&nbsp;<br>Pour en savoir plus il suffit de cliquer dans l&rsquo;onglet \u00ab\u00a0les mont\u00e9es d\u2019adr\u00e9naline\u00a0\u00bb dans le menu.<br>Vous souhaitez adh\u00e9rer ? rien de plus facile :<br>cliquer sur sur l&rsquo;onglet \u00ab\u00a0contact et inscription\u00a0\u00bb, vous y trouverez les personnes \u00e0 contacter et m\u00eame le bulletin d&rsquo;inscription et la s\u00e9ance de d\u00e9couverte vous est offerte !&nbsp;<br>&nbsp;<br>Alors n&rsquo;h\u00e9sitez plus : REJOINGNEZ ADRENALINE 33<\/p>\n","protected":false},"excerpt":{"rendered":"<p>Depuis maintenant 18 ans nous nous faisons une joie de vous accompagner dans vos sorties running !15 ans que nos rendez-vous&nbsp; rencontrent du succ\u00e8s&#8230; et c&rsquo;est normal ! Vous savez pourquoi ? Parce que nous aimons partager notre passion, parce que nous aimons ce sentiment de libert\u00e9 que nous apporte la course \u00e0 pied !Ici [&hellip;]<\/p>\n","protected":false},"author":2,"featured_media":0,"parent":410,"menu_order":1,"comment_status":"closed","ping_status":"closed","template":"","meta":{"footnotes":""},"_links":{"self":[{"href":"http:\/\/adrenaline33.com\/index.php?rest_route=\/wp\/v2\/pages\/7"}],"collection":[{"href":"http:\/\/adrenaline33.com\/index.php?rest_route=\/wp\/v2\/pages"}],"about":[{"href":"http:\/\/adrenaline33.com\/index.php?rest_route=\/wp\/v2\/types\/page"}],"author":[{"embeddable":true,"href":"http:\/\/adrenaline33.com\/index.php?rest_route=\/wp\/v2\/users\/2"}],"replies":[{"embeddable":true,"href":"http:\/\/adrenaline33.com\/index.php?rest_route=%2Fwp%2Fv2%2Fcomments&post=7"}],"version-history":[{"count":0,"href":"http:\/\/adrenaline33.com\/index.php?rest_route=\/wp\/v2\/pages\/7\/revisions"}],"up":[{"embeddable":true,"href":"http:\/\/adrenaline33.com\/index.php?rest_route=\/wp\/v2\/pages\/410"}],"wp:attachment":[{"href":"http:\/\/adrenaline33.com\/index.php?rest_route=%2Fwp%2Fv2%2Fmedia&parent=7"}],"curies":[{"name":"wp","href":"https:\/\/api.w.org\/{rel}","templated":true}]}}