{"id":797,"date":"2020-11-29T21:34:34","date_gmt":"2020-11-29T20:34:34","guid":{"rendered":"http:\/\/adrenaline33.com\/?page_id=797"},"modified":"2023-09-22T18:27:15","modified_gmt":"2023-09-22T16:27:15","slug":"resultats-les-montees-dadrenaline-2018","status":"publish","type":"page","link":"http:\/\/adrenaline33.com\/?page_id=797","title":{"rendered":"R\u00e9sultats les Mont\u00e9es d&rsquo;Adr\u00e9naline 2018"},"content":{"rendered":"\n<h2 class=\"wp-block-heading\">Le 8 Kms<\/h2>\n\n\n\n<p>RANG NOM CLUB TEMPS CATEGORIE<br>1 BERARD REMY POMPIERS BORDEAUX TR 00:31:13 1e SENIOR H<br>2 LENIER JEAN BAPTISTE BOULIAC TRIATHLON 00:32:08 1e VETERAN 1 H<br>3 MENARD ANTHONY GUJAN\u2010MESTRAS 00:32:25 2e SENIOR H<br>4 FERNANDES CARLOS AS LIBOURNE 00:32:32 2e VETERAN 1 H<br>5 VANDEVYVER LUDOVIC CHAMADELLE 00:34:19 3e SENIOR H<br>6 VINCENT TEDDY RAIDNTRAIL 00:34:50 1e CADET H<br>7 SABOURIN OLIVIER VTT GAURIAC 00:35:10 4e SENIOR H<br>8 SARRAUTE MATHIEU 00:36:17 5e SENIOR H<br>9 POUPARD HUGO 00:36:42 1e JUNIOR H<br>10 BERTON YANN ACVR 00:36:43 3e VETERAN 1 H<br>11 BOURDARIAS SYLVAIN VTT ESTUAIRE GAURIAC 00:37:02 6e SENIOR H<br>12 MONNERIE LUCAS 00:37:20 2e JUNIOR H<br>13 FAURE DAVID 00:37:32 7e SENIOR H<br>14 IBRI ? 00:39:01 1e VETERAN 2 H<br>15 VERDIER PATRICE AS AMBARES 00:39:40 2e VETERAN 2 H<br>16 MARTIN MATHIEU 00:39:45 8e SENIOR H<br>17 VINCENT YOANN RAIDNTRAIL 00:40:08 9e SENIOR H<br>18 FAUGERE PIERRE 00:40:44 1e VETERAN 4 H<br>19 LAGARDE REMY 00:41:34 10e SENIOR H<br>20 LAGARDE FABIEN 00:41:36 11e SENIOR H<br>21 GOMBAUD CELINE 00:41:50 1e VETERAN 1 F<br>22 PEREIRA MICHEL CANEJAN ATHLETISME 00:42:29 3e VETERAN 2 H<br>23 SOLLINGER MELISSA 00:42:38 1e SENIOR F<br>24 SIRVEN JEAN PAUL 00:43:39 1e VETERAN 3 H<br>25 LEGENDRE CHRISTOPHE 00:44:20 4e VETERAN 2 H<br>26 MONIER CHRISTOPHE BOULIAC SPORTS PLAIS 00:44:40 4e VETERAN 1 H<br>27 LORA MARION BOULIAC SP 00:44:40 2e SENIOR F<br>28 GOUBAULT QUENTIN 00:44:47 12e SENIOR H<br>29 CLERO EMELINE 00:46:03 3e SENIOR F<br>30 BOURGES THIERRY AS AMBARES 00:46:12 5e VETERAN 1 H<br>31 POZZOBON OLIVIER 00:46:16 6e VETERAN 1 H<br>32 LEYGNAC ANTHONY 00:46:53 13e SENIOR H<br>33 DARTIGOLLES DANIEL 00:47:01 5e VETERAN 2 H<br>34 FOURTEAU SYLVIE 00:47:06 2e VETERAN 1 F<br>35 RICORDEAU PIERRE 00:47:26 7e VETERAN 1 H<br>36 MAYE YOANN 00:47:40 14e SENIOR H<br>37 RIBERA JULIEN 00:47:55 15e SENIOR H<br>38 NARDOU LILY 00:48:37 1e VETERAN 3 F<br>39 RAEL JONATHAN 00:48:59 16e SENIOR H<br>40 PONT LUCIE 00:49:43 4e SENIOR F<br>41 MIRANVILLE JEAN VES 00:50:41 6e VETERAN 2 H<br>42 PERENNES MURIELLE 00:51:06 3e VETERAN 1 F<br>43 LAUBERTON FLAVIEN 00:51:30 17e SENIOR H<br>44 CABIRAN CYRIL 00:51:54 7e VETERAN 2 H<br>45 BETENCOURT GUILLAUME LES DEJANTES LECLERC 00:52:29 18e SENIOR H<br>46 NICOLAS BEATRICE 00:52:52 1e VETERAN 2 F<br>47 PREVOST CHARLOTTE 00:53:01 5e SENIOR F<br>48 URBACH MARIE CHRISTINE 00:53:52 2e VETERAN 2 F<br>49 FOUQUET LAURENT 00:55:28 8e VETERAN 1 H<br>50 UTEAU BERNARD 00:55:28 8e VETERAN 2 H<br>51 HUBERT PASCALINE PESSAC AC 00:55:39 4e VETERAN 1 F<br>52 MUSSEAU CHRISTELLE 00:55:46 5e VETERAN 1 F<br>53 MEJIA MIRIAM 00:56:05 6e VETERAN 1 F<br>54 MULLER OCEANE 00:56:16 6e SENIOR F<br>55 REGNIER EZILDA 00:57:04 7e SENIOR F<br>56 REGNIER CHRISTIAN 00:57:04 9e VETERAN 2 H<br>57 WILDSCHUTH RENEE 00:57:24 7e VETERAN 1 F<br>58 DOUBLET MYRIAM 01:00:34 8e VETERAN 1 F<br>59 FATIGA EMMANUEL 01:01:00 9e VETERAN 1 H<br>60 LECORRE PATRICIA 01:02:12 10e VETERAN 2 H<br>61 FENOGLIO JEAN LAURETTE FUGAIN 01:04:21 19e SENIOR H<br>62 MAUFRONT STEPHANIE PARKRUN 01:08:06 9e VETERAN 1 F<br>63 POINTET JEAN CLAUDE BOULIAC SP 01:08:05 2e VETERAN 4 H<br>64 LORADOU LAURENCE 01:08:06 10e VETERAN 1 F<br>65 Inconnu Inconnu Inconnu 00:00:00<br>66 ROTTEMENT LAETITIA SPISP 01:09:52 8e SENIOR F<br>67 Inconnu Inconnu Inconnu 00:00:00<br>68 SAULNIER CATHERINE 01:12:03 11e VETERAN 1 F<br>69 RAEL FRANCK 01:18:07 11e VETERAN 2 H<br>70 AZRIEL HELENE 01:26:51 9e SENIOR F<br>71 CLERC CORINNE ARENALINE 33 01:31:23 12e VETERAN 2 H<br>72 FENOGLLIO MADELEINE LAURETTE FUGAIN 01:34:30 3e VETERAN 2 F<\/p>\n\n\n\n<h2 class=\"wp-block-heading\">Le 14 kms<\/h2>\n\n\n\n<p>RANG NM CLUB TEMPS CATEGORIE<br>1 ARGOUET\u2010NOCLAIN CHRISTOPHE POMPIERS BDX TRIATHL 00:52:46 1e VETERAN 1 H<br>2 LENESTOUR YVES 00:53:01 1e SENIOR H<br>3 INGLES FRANCIS 00:55:12 2e SENIOR H<br>4 KHADRI NICOLAS TRESSES RUNNING 00:55:15 3e SENIOR H<br>5 MOTUT GUILLAUME 00:55:41 4e SENIOR H<br>6 FAURE MICHAEL ESB OXYGENE 00:55:47 2e VETERAN 1 H<br>7 BOURGEAIS FRANCK ALBS 00:56:31 3e VETERAN 1 H<br>8 DESOINDRE BRICE CA BEGLES 00:56:56 4e VETERAN 1 H<br>9 BLONDEL 78 A2 RUNNING 00:57:46 5e VETERAN 1 H<br>10 CONNETABLE CYRIL AS AMBARES 00:59:07 5e SENIOR H<br>11 BODEREAU CHRISTOPE 00:59:39 6e SENIOR H<br>12 KHALI ALEXANDRE AC PAREMPUYRE 00:59:52 7e SENIOR H<br>13 MAURAT JACKY CMA 01:00:14 1e VETERAN 3 H<br>14 RAVIART SANDRO BRAUD AC 01:02:12 6e VETERAN 1 H<br>15 BORDERIE ANDRE 01:02:32 1e VETERAN 2 H<br>16 LASTRA EMMANUELLE ESB OXYGENE 01:02:49 1e VETERAN 1 F<br>17 LONGIN CEDRIC ESB OXYGENE 01:03:00 8e SENIOR H<br>18 DALES MATTHIEU BRAUD AC 01:03:23 7e VETERAN 1 H<br>19 GOUSSET JONATHAN 01:04:16 8e SENIOR H<br>20 MONTIL JEAN LOUIS 01:04:34 2e VETERAN 2 H<br>21 LEROY KEVIN 01:04:54 10e SENIOR H<br>22 FROMENTIN PASCAL 01:05:23 8e VETERAN 1 H<br>23 GRANJOU PHILIPPE 01:05:47 3e VETERAN 2 H<br>24 GUILHEM GREGORY 01:06:04 11e SENIOR H<br>25 VANDERLOUTEN MICHAEL FRC ST SULPICE 01:06:25 12e SENIOR H<br>26 CADET NATHALIE ASSM 01:06:32 2e VETERAN 1 F<br>27 DUMAS SEBASTIEN 01:06:44 13e SENIOR H<br>28 GUERINEAU JOACHIM 01:06:57 14e SENIOR H<br>29 DESIAGE JULIEN ASSM 01:07:30 15e SENIOR H<br>30 ROYAU PATRICK LES DEJANTES LECLERC 01:07:44 9e VETERAN 1 H<br>31 HAGUENIN FRANCK CA BEGLES 01:08:18 10e VETERAN 1 H<br>32 CADET THIERRY 01:08:19 11e VETERAN 1 H<br>33 TARRADE STEPHANE 01:09:18 4e VETERAN 2 H<br>34 NARDOU CHRISTOPE 01:09:35 12e VETERAN 1 H<br>35 MAZO PATRICE CNSSC 01:09:43 2e VETERAN 3 H<br>36 NOUTS FRANCK ALBS 01:09:49 5e VETERAN 2 H<br>37 MARTIN HENRI ASSM 01:10:23 16e SENIOR H<br>38 EYMAS ALEXIA BRAUD AC 01:10:30 3e VETERAN 1 F<br>39 LEGOVIC LAURENT INFOSPORT LOIRET 01:10:41 13e VETERAN 1 H<br>40 LEDUCQ PHILIPPE 01:10:57 6e VETERAN 2 H<br>41 NARBONNE SANDRINE 01:11:05 4e VETERAN 1 F<br>42 MANTENAC PASCAL BRAUD AC 01:11:05 14e VETERAN 1 H<br>43 POINEAU BERTRAND 01:11:26 7e VETERAN 2 H<br>44 COUILLANDREAU PASCAL ALBS 01:11:51 8e VETERAN 2 H<br>45 RENOUX JEAN MARIE 01:12:08 15e VETERAN 1 H<br>46 SAUNIER FREDERIC LAURETTE FUGAIN 01:12:12 9e VETERAN 2 H<br>47 RPY DIDIER 01:12:18 10e VETERAN 2 H<br>48 LISTGARDEN FREDERIC ASIGN 01:12:20 16e VETERAN 1 H<br>49 BICHELBERGER CHRISTOPHE 01:12:29 17e VETERAN 1 H<br>50 PASCOUAU FRANNCK ESB 01:12:55 18e VETERAN 1 H<br>51 ALLARD VINCENT 01:13:50 19e VETERAN 1 H<br>52 MATHIAS CHRISTELE CA BEGLES 01:14:11 5e VETERAN 1 F<br>53 LAGROLLET CHRISTOPHE 01:14:27 20e VETERAN 1 H<br>54 KERSTEN RUDY BRAUD AC 01:14:58 17e SENIOR H<br>55 RIVOAL DANIEL 01:15:06 21e VETERAN 1 H<br>56 BESSSIERES DANIEL 01:15:05 11e VETERAN 2 H<br>57 CHANCOGNE PATRICK CMOB 01:15:17 12e VETERAN 2 H<br>58 VERGEOT STEPHANE 01:15:30 22e VETERAN 1 H<br>59 CATRICE GUILLAUME TEAM DIGITWIST 01:15:40 18e SENIOR H<br>60 ALLONCIUS CHRISTIAN AS ST MEDARD 01:15:56 13e VETERAN 2 H<br>61 LACHEVRE LANDRY 01:16:05 23e VETERAN 1 H<br>62 SERPEAU LAURENT PARKRUN DES DOUGNES 01:16:15 24e VETERAN 1 H<br>63 COUSIN STEPHANIE 01:16:36 1e SENIOR F<br>64 PETIT BENJAMIN 01:16:39 25e VETERAN 1 H<br>65 VILLARD PAULINE 01:17:02 2e SENIOR F<br>66 POUILLAUDE IRENE ASSM 01:17:26 6e VETERAN 1 F<br>67 BENSSOUV SAID 01:17:27 14e VETERAN 2 H<br>68 MARTINEZ JEAN NICOLAS 01:17:31 26e VETERAN 1 H<br>69 DUPONT LACOMBE ANNE CLAIRE 01:17:36 3e SENIOR F<br>70 DAVIAUD FREDDY 01:18:12 27e VETERAN 1 H<br>71 LEYNEY JEREMY 01:18:50 19e SENIOR H<br>72 DIZER PHILIPPE 01:19:13 3e VETERAN 3 H<br>73 LEGROS PIERRE 01:19:23 28e VETERAN 1 H<br>74 SOULIER LUDOVIC 01:19:26 20e SENIOR H<br>75 BARBAUD FABIEN 01:19:46 21e SENIOR H<br>76 CLOCHET VINCENT 01:20:03 29e VETERAN 1 H<br>77 PEDRON DAVID 01:20:14 30e VETERAN 1 H<br>78 BISSIRIER BRUNO 01:20:15 15e VETERAN 2 H<br>79 DECOCK JEREMY 01:20:21 22e SENIOR H<br>80 OLIVIER BRUNO CNSSC 01:20:36 4e VETERAN 3 H<br>81 AZERA GREGORY 01:21:07 23e SENIOR H<br>82 DIKANT MIGUEL 01:21:19 31e VETERAN 1 H<br>83 ROUBAKOVITCH THOMAS CNSSC 01:21:32 32e VETERAN 1 H<br>84 RAMOND EMILIE 01:21:59 4e SENIOR F<br>85 LEYNEY JEAN LUC 01:22:05 16e VETERAN 2 H<br>86 LABEYRIE LAURENT BB RUNNING 01:22:25 33e VETERAN 1 H<br>87 ROSSETTE EDWINA ASSM 01:22:30 5e SENIOR F<br>88 LABARBE LUIGI 01:22:43 34e VETERAN 1 H<br>89 CAMPIONNI CHRISTOPE 01:22:59 35e VETERAN 1 H<br>90 MICHEL CHRISTOPHE 01:23:50 36e VETERAN 1 H<br>91 FRESNAIS MARION 01:24:11 6e SENIOR F<br>92 DUCLOS AMELIE ANONYMES DU CAMPUS 01:24:23 7e VETERAN 1 F<br>93 GARAUDEAU BENJAMIN 01:25:38 37e VETERAN 1 H<br>94 HOLDERBAUM ANTHONY 01:25:59 25e SENIOR H<br>95 RISSER DIDIER 01:26:42 38e VETERAN 1 H<br>96 BALLOUD CAROLINE 01:28:07 7e SENIOR F<br>97 DUPOUY ANTHONY 01:28:30 26e SENIOR H<br>98 LE MASSON HELOISE 01:28:48 1e ESPOIR F<br>99 ALVES JOSE 01:29:18 39e VETERAN 1 H<br>100 BERGUGNAT JEAN\u2010JACQUES FOULEES VERTES EN LI 01:29:19 27e SENIOR H<br>101 GUIVARCH CHRISTOPHE 01:29:54 40e VETERAN 1 H<br>102 DUMAND JEAN LUC ALBS 01:29:55 17e VETERAN 2 H<br>103 HEURET ROLAND 01:29:59 41e VETERAN 1 H<br>104 CHAMPION CELINE 01:30:13 8e VETERAN 1 F<br>105 HEURET KARINE 01:30:17 9e VETERAN 1 F<br>106 BORGOLOTTO GAEL 01:30:43 28e SENIOR H<br>107 PAYET SEBASTIEN SPISP 01:30:50 29e SENIOR H<br>108 WASTIAUX DIDIER 01:31:31 42e VETERAN 1 H<br>109 CROQ RONAN 01:31:53 43e VETERAN 1 H<br>110 BAUDOIN LUC 01:33:21 44e VETERAN 1 H<br>111 SAUNIER VERONIQUE LAURETTE FUGAIN 01:34:30 1e VETERAN 2 F<br>112 FERREIRA COURLIER JACQUELINE LAURETTE FUGAIN 01:34:30 10e VETERAN 1 F<br>113 MELE SIVET ALEXANDRE RC LES BAYOUX 01:35:53 30e SENIOR H<br>114 PICHARD PATRICK ANONYMES DU CAMPUS 01:35:52 1e VETERAN 4 H<br>115 COURTOIS BERNARD ANONYMES DU CAMPUS 01:35:55 18e VETERAN 2 H<br>116 PALLISSON AMANDINE CA BEGLES 01:36:49 8e SENIOR F<br>117 PONTOIZEAU PHILIPPE 01:41:04 45e VETERAN 1 H<br>118 ANDRE CLAUDIE 01:42:31 11e VETERAN 1 F<br>119 ANDRE PASCAL 01:42:31 46e VETERAN 1 H<br>120 OPERE PATRICK ANONYMES DU CAMPUS 01:43:13 2e VETERAN 4 H<br>121 GUIMARD YVES 01:44:35 31e SENIOR H<br>122 IDARTEGARAY PHILIPPE 01:44:35 47e VETERAN 1 H<br>123 BOUCHER PRISCILLA 01:44:35 8e SENIOR F<br>124 SANGLAR PEYO 01:44:35 48e VETERAN 1 H<br>125 SCHURDEVIN AGNES RAIDNTRAIL 01:49:01 2e VETERAN 2 F<br>126 SLOSTOWSKI YANN RAIDNTRAIL 01:49:02 49e VETERAN 1 H<br>127 CHIOVAR SOFIANE 01:51:43 9e SENIOR F<\/p>\n","protected":false},"excerpt":{"rendered":"<p>Le 8 Kms RANG NOM CLUB TEMPS CATEGORIE1 BERARD REMY POMPIERS BORDEAUX TR 00:31:13 1e SENIOR H2 LENIER JEAN BAPTISTE BOULIAC TRIATHLON 00:32:08 1e VETERAN 1 H3 MENARD ANTHONY GUJAN\u2010MESTRAS 00:32:25 2e SENIOR H4 FERNANDES CARLOS AS LIBOURNE 00:32:32 2e VETERAN 1 H5 VANDEVYVER LUDOVIC CHAMADELLE 00:34:19 3e SENIOR H6 VINCENT TEDDY RAIDNTRAIL 00:34:50 1e [&hellip;]<\/p>\n","protected":false},"author":2,"featured_media":0,"parent":630,"menu_order":4,"comment_status":"closed","ping_status":"closed","template":"","meta":{"footnotes":""},"_links":{"self":[{"href":"http:\/\/adrenaline33.com\/index.php?rest_route=\/wp\/v2\/pages\/797"}],"collection":[{"href":"http:\/\/adrenaline33.com\/index.php?rest_route=\/wp\/v2\/pages"}],"about":[{"href":"http:\/\/adrenaline33.com\/index.php?rest_route=\/wp\/v2\/types\/page"}],"author":[{"embeddable":true,"href":"http:\/\/adrenaline33.com\/index.php?rest_route=\/wp\/v2\/users\/2"}],"replies":[{"embeddable":true,"href":"http:\/\/adrenaline33.com\/index.php?rest_route=%2Fwp%2Fv2%2Fcomments&post=797"}],"version-history":[{"count":0,"href":"http:\/\/adrenaline33.com\/index.php?rest_route=\/wp\/v2\/pages\/797\/revisions"}],"up":[{"embeddable":true,"href":"http:\/\/adrenaline33.com\/index.php?rest_route=\/wp\/v2\/pages\/630"}],"wp:attachment":[{"href":"http:\/\/adrenaline33.com\/index.php?rest_route=%2Fwp%2Fv2%2Fmedia&parent=797"}],"curies":[{"name":"wp","href":"https:\/\/api.w.org\/{rel}","templated":true}]}}