{"id":198,"date":"2020-11-08T17:34:56","date_gmt":"2020-11-08T16:34:56","guid":{"rendered":"http:\/\/adrenaline33.com\/?page_id=198"},"modified":"2025-10-26T18:34:11","modified_gmt":"2025-10-26T17:34:11","slug":"les-horaires","status":"publish","type":"page","link":"https:\/\/adrenaline33.com\/?page_id=198","title":{"rendered":"Les Horaires"},"content":{"rendered":"\n<h2 class=\"wp-block-heading\">\ud83d\udd53 Les horaires d\u2019entra\u00eenement<\/h2>\n\n\n\n<p>Dans notre association, <strong>pas de prise de t\u00eate<\/strong> : tu viens quand tu veux, <strong>juste pour le plaisir de courir !<\/strong><\/p>\n\n\n\n<hr class=\"wp-block-separator has-alpha-channel-opacity\"\/>\n\n\n\n<h3 class=\"wp-block-heading\">\ud83c\udfc3 Sorties en groupe<\/h3>\n\n\n\n<ul>\n<li><strong>Mercredi soir<\/strong><br>\ud83d\udccd D\u00e9part : parking de la Garrosse (coll\u00e8ge), Saint-Andr\u00e9-de-Cubzac<br>\ud83d\udd55 Heure : 18h45<br>\ud83d\udd50 Dur\u00e9e : environ 1 heure<br>\u279c Sortie accessible \u00e0 tous.<\/li>\n\n\n\n<li><strong>Jeudi soir (sp\u00e9cial d\u00e9butants)<\/strong><br>\ud83d\udccd D\u00e9part : parking avenue de Verdun, en face de la caserne des pompiers, Saint-Andr\u00e9-de-Cubzac<br>\ud83d\udd55 Heure : 18h45<br>\ud83d\udd50 Dur\u00e9e : environ 1 heure<br>\u279c Id\u00e9al pour les personnes qui d\u00e9butent en course \u00e0 pied ou retour de blessure.<\/li>\n\n\n\n<li><strong>Dimanche matin<\/strong><br>\ud83d\udccd D\u00e9part : parking de la Garrosse (coll\u00e8ge), Saint-Andr\u00e9-de-Cubzac<br>\ud83d\udd58 Heure : 9h00<br>\ud83c\udfde\ufe0f Sortie longue de 15 \u00e0 20 km<\/li>\n<\/ul>\n\n\n\n<hr class=\"wp-block-separator has-alpha-channel-opacity\"\/>\n\n\n\n<h3 class=\"wp-block-heading\">\ud83c\udfdf\ufe0f Piste \u2013 Plaine des sports Laurent Ricci<\/h3>\n\n\n\n<p>Acc\u00e8s libre r\u00e9serv\u00e9 aux membres :<\/p>\n\n\n\n<ul>\n<li><strong>Mercredi<\/strong> : de 18h \u00e0 21h<\/li>\n\n\n\n<li><strong>Vendredi<\/strong> : de 19h \u00e0 21h<\/li>\n<\/ul>\n\n\n\n<p>Activit\u00e9s possibles : tours de piste, <strong>PPG<\/strong>, <strong>fractionn\u00e9<\/strong>, etc.<br>Nous disposons des <strong>4 pistes ext\u00e9rieures<\/strong>.<\/p>\n","protected":false},"excerpt":{"rendered":"<p>\ud83d\udd53 Les horaires d\u2019entra\u00eenement Dans notre association, pas de prise de t\u00eate : tu viens quand tu veux, juste pour le plaisir de courir ! \ud83c\udfc3 Sorties en groupe \ud83c\udfdf\ufe0f Piste \u2013 Plaine des sports Laurent Ricci Acc\u00e8s libre r\u00e9serv\u00e9 aux membres : Activit\u00e9s possibles : tours de piste, PPG, fractionn\u00e9, etc.Nous disposons des 4 [&hellip;]<\/p>\n","protected":false},"author":2,"featured_media":0,"parent":410,"menu_order":3,"comment_status":"closed","ping_status":"closed","template":"","meta":{"footnotes":""},"_links":{"self":[{"href":"https:\/\/adrenaline33.com\/index.php?rest_route=\/wp\/v2\/pages\/198"}],"collection":[{"href":"https:\/\/adrenaline33.com\/index.php?rest_route=\/wp\/v2\/pages"}],"about":[{"href":"https:\/\/adrenaline33.com\/index.php?rest_route=\/wp\/v2\/types\/page"}],"author":[{"embeddable":true,"href":"https:\/\/adrenaline33.com\/index.php?rest_route=\/wp\/v2\/users\/2"}],"replies":[{"embeddable":true,"href":"https:\/\/adrenaline33.com\/index.php?rest_route=%2Fwp%2Fv2%2Fcomments&post=198"}],"version-history":[{"count":0,"href":"https:\/\/adrenaline33.com\/index.php?rest_route=\/wp\/v2\/pages\/198\/revisions"}],"up":[{"embeddable":true,"href":"https:\/\/adrenaline33.com\/index.php?rest_route=\/wp\/v2\/pages\/410"}],"wp:attachment":[{"href":"https:\/\/adrenaline33.com\/index.php?rest_route=%2Fwp%2Fv2%2Fmedia&parent=198"}],"curies":[{"name":"wp","href":"https:\/\/api.w.org\/{rel}","templated":true}]}}