{"id":2,"date":"2020-10-20T21:08:48","date_gmt":"2020-10-20T19:08:48","guid":{"rendered":"http:\/\/adrenaline33.com\/?page_id=2"},"modified":"2020-11-15T22:31:44","modified_gmt":"2020-11-15T21:31:44","slug":"charte-dadrenaline-33","status":"publish","type":"page","link":"https:\/\/adrenaline33.com\/?page_id=2","title":{"rendered":"Charte d&rsquo;Adr\u00e9naline 33"},"content":{"rendered":"\n<p>Charte Adr\u00e9naline 33<\/p>\n\n\n\n<p>Article 15 des statuts de l\u2019association<br><br>ADRENALINE33 est une association qui regroupe tous les coureurs, surtout les populaires, les sans grade, ceux pour qui le chrono ou la place ne sont pas un objectif majeur, ceux qui veulent courir pour leur plaisir et\/ou leur sant\u00e9.<br><br>ADRENALINE33 n\u2019est pas f\u00e9d\u00e9r\u00e9e. Les adh\u00e9rents restent totalement ind\u00e9pendants. L\u2019adh\u00e9sion n\u2019entra\u00eene aucune obligation particuli\u00e8re. Il n\u2019est pas d\u00e9livr\u00e9 de licence.<br><br>ADRENALINE33 aide, informe les participants aux \u00e9preuves p\u00e9destres \u00e0 style libre et peut donner des conseils d\u2019entra\u00eenement.<br>Tout coureur, licenci\u00e9 ou non, peut devenir adh\u00e9rent.<br>Tout le monde a sa place, du champion confirm\u00e9 au d\u00e9butant.<br>La course \u00e0 pied permet l\u2019\u00e9panouissement du coureur dans la convivialit\u00e9, quelque soit son \u00e2ge, son sexe, la couleur de sa peau, ses id\u00e9es, sa religion.<br><br>ADRENALINE33, c\u2019est&nbsp;:<br>courir au naturel, sans \u00e9litisme ni recherche de retomb\u00e9es financi\u00e8res,<br>veiller \u00e0 ce que tous les coureurs soient trait\u00e9s sur un m\u00eame pied d\u2019\u00e9galit\u00e9,<br>faire, que dans la course, comme dans la vie, l\u2019homme prime toujours sur l\u2019athl\u00e8te ou la performance,<br>ne pas critiquer, mais informer, ne pas imposer mais sugg\u00e9rer, ne pas diriger mais influencer, pr\u00eater assistance,<br>faire que la course \u00e0 pied ne prenne jamais le pas sur les choses importantes comme la famille et l\u2019amiti\u00e9,<br>pr\u00e9server le plaisir de la course et toujours privil\u00e9gier la franche rigolade, avant, pendant et apr\u00e8s l\u2019effort.<br><br>ADRENALINE33 assure en son sein la libert\u00e9 d\u2019opinion et le respect des droits de la d\u00e9fense, s\u2019interdit toute discrimination ill\u00e9gale et veille \u00e0 l\u2019observation des r\u00e8gles d\u00e9ontologiques du sport d\u00e9finies par le Comit\u00e9 national Olympique Fran\u00e7ais.<\/p>\n","protected":false},"excerpt":{"rendered":"<p>Charte Adr\u00e9naline 33 Article 15 des statuts de l\u2019association ADRENALINE33 est une association qui regroupe tous les coureurs, surtout les populaires, les sans grade, ceux pour qui le chrono ou la place ne sont pas un objectif majeur, ceux qui veulent courir pour leur plaisir et\/ou leur sant\u00e9. ADRENALINE33 n\u2019est pas f\u00e9d\u00e9r\u00e9e. Les adh\u00e9rents restent [&hellip;]<\/p>\n","protected":false},"author":2,"featured_media":0,"parent":410,"menu_order":2,"comment_status":"closed","ping_status":"closed","template":"","meta":{"footnotes":""},"_links":{"self":[{"href":"https:\/\/adrenaline33.com\/index.php?rest_route=\/wp\/v2\/pages\/2"}],"collection":[{"href":"https:\/\/adrenaline33.com\/index.php?rest_route=\/wp\/v2\/pages"}],"about":[{"href":"https:\/\/adrenaline33.com\/index.php?rest_route=\/wp\/v2\/types\/page"}],"author":[{"embeddable":true,"href":"https:\/\/adrenaline33.com\/index.php?rest_route=\/wp\/v2\/users\/2"}],"replies":[{"embeddable":true,"href":"https:\/\/adrenaline33.com\/index.php?rest_route=%2Fwp%2Fv2%2Fcomments&post=2"}],"version-history":[{"count":0,"href":"https:\/\/adrenaline33.com\/index.php?rest_route=\/wp\/v2\/pages\/2\/revisions"}],"up":[{"embeddable":true,"href":"https:\/\/adrenaline33.com\/index.php?rest_route=\/wp\/v2\/pages\/410"}],"wp:attachment":[{"href":"https:\/\/adrenaline33.com\/index.php?rest_route=%2Fwp%2Fv2%2Fmedia&parent=2"}],"curies":[{"name":"wp","href":"https:\/\/api.w.org\/{rel}","templated":true}]}}