{"id":630,"date":"2020-11-29T19:19:15","date_gmt":"2020-11-29T18:19:15","guid":{"rendered":"http:\/\/adrenaline33.com\/?page_id=630"},"modified":"2020-11-29T19:19:45","modified_gmt":"2020-11-29T18:19:45","slug":"resultats-des-montees-dadrenaline-2","status":"publish","type":"page","link":"https:\/\/adrenaline33.com\/?page_id=630","title":{"rendered":"R\u00e9sultats des mont\u00e9es d&rsquo;Adr\u00e9naline"},"content":{"rendered":"","protected":false},"excerpt":{"rendered":"","protected":false},"author":2,"featured_media":0,"parent":8,"menu_order":5,"comment_status":"closed","ping_status":"closed","template":"","meta":{"footnotes":""},"_links":{"self":[{"href":"https:\/\/adrenaline33.com\/index.php?rest_route=\/wp\/v2\/pages\/630"}],"collection":[{"href":"https:\/\/adrenaline33.com\/index.php?rest_route=\/wp\/v2\/pages"}],"about":[{"href":"https:\/\/adrenaline33.com\/index.php?rest_route=\/wp\/v2\/types\/page"}],"author":[{"embeddable":true,"href":"https:\/\/adrenaline33.com\/index.php?rest_route=\/wp\/v2\/users\/2"}],"replies":[{"embeddable":true,"href":"https:\/\/adrenaline33.com\/index.php?rest_route=%2Fwp%2Fv2%2Fcomments&post=630"}],"version-history":[{"count":0,"href":"https:\/\/adrenaline33.com\/index.php?rest_route=\/wp\/v2\/pages\/630\/revisions"}],"up":[{"embeddable":true,"href":"https:\/\/adrenaline33.com\/index.php?rest_route=\/wp\/v2\/pages\/8"}],"wp:attachment":[{"href":"https:\/\/adrenaline33.com\/index.php?rest_route=%2Fwp%2Fv2%2Fmedia&parent=630"}],"curies":[{"name":"wp","href":"https:\/\/api.w.org\/{rel}","templated":true}]}}